

{"id":8742,"date":"2024-10-18T18:38:07","date_gmt":"2024-10-18T17:38:07","guid":{"rendered":"https:\/\/www.joseneves.pt\/?page_id=8742"},"modified":"2026-02-16T16:07:38","modified_gmt":"2026-02-16T16:07:38","slug":"contactos","status":"publish","type":"page","link":"https:\/\/www.joseneves.pt\/es\/atencion-al-cliente-2\/contactos\/","title":{"rendered":"Otros Contactos"},"content":{"rendered":"<p>[vc_row][vc_column]<div class=\"fancy_heading fancy_heading_line\"><h2 class=\"title\">Atenci\u00f3n al cliente<\/h2><\/div>\n[vc_row_inner][vc_column_inner width=&#8221;1\/2&#8243;][vc_column_text]Si necesita ayuda sobre un tema espec\u00edfico, pulse aqu\u00ed:[\/vc_column_text][vc_btn title=&#8221;ATENCI\u00d3N AL CLIENTE&#8221; shape=&#8221;square&#8221; color=&#8221;primary&#8221; size=&#8221;xs&#8221; align=&#8221;left&#8221; link=&#8221;url:https%3A%2F%2Fwww.joseneves.pt%2Fes%2Fcontactos%2Fatencion-al-cliente-2%2F|||&#8221;][vc_empty_space height=&#8221;30px&#8221;][vc_column_text]Para recibir un presupuesto, pulse aqu\u00ed:[\/vc_column_text][vc_btn title=&#8221;PRESUPUESTO&#8221; shape=&#8221;square&#8221; color=&#8221;primary&#8221; size=&#8221;xs&#8221; align=&#8221;left&#8221; link=&#8221;url:mailto%3Aisabel%40joseneves.pt||target:%20_blank|&#8221;][vc_empty_space height=&#8221;30px&#8221;][\/vc_column_inner][vc_column_inner width=&#8221;1\/2&#8243;][vc_column_text]Para informaci\u00f3n adicional sobre productos o servicios, pulse aqu\u00ed:[\/vc_column_text][vc_btn title=&#8221;M\u00c1S INFORMACI\u00d3N&#8221; shape=&#8221;square&#8221; color=&#8221;primary&#8221; size=&#8221;xs&#8221; align=&#8221;left&#8221; link=&#8221;url:mailto%3Adep.comercial%40joseneves.pt||target:%20_blank|&#8221;][vc_empty_space height=&#8221;30px&#8221;][vc_column_text]Para agendar una visita o reuni\u00f3n, pulse aqu\u00ed:[\/vc_column_text][vc_btn title=&#8221;VISITA&#8221; shape=&#8221;square&#8221; color=&#8221;primary&#8221; size=&#8221;xs&#8221; align=&#8221;left&#8221; link=&#8221;url:https%3A%2F%2Fwww.joseneves.pt%2Fes%2Fsolicite-una-visita%2F|||&#8221;][vc_empty_space height=&#8221;30px&#8221;][\/vc_column_inner][\/vc_row_inner][\/vc_column][\/vc_row][vc_row][vc_column]<div class=\"fancy_heading fancy_heading_line\"><h2 class=\"title\">Otros Contactos<\/h2><\/div>\n[vc_row_inner][vc_column_inner width=&#8221;1\/2&#8243;][vc_column_text]<strong>Calidad<\/strong><br \/>\nTel. +351 939 028 058 \/ 915 233 778<br \/>\nE-mail: <a href=\"mailto:qualidade@joseneves.pt\">qualidade@joseneves.pt<\/a>[\/vc_column_text][vc_empty_space height=&#8221;30px&#8221;][vc_column_text]<strong>Empleo (env\u00edo de candidaturas)<\/strong><br \/>\nE-mail: <a href=\"mailto:recrutamento@joseneves.pt\">recrutamento@joseneves.pt<\/a>[\/vc_column_text][vc_empty_space height=&#8221;30px&#8221;][vc_column_text]<strong>Log\u00edstica<\/strong><br \/>\nGuimar\u00e3es: +351 253 479 053<br \/>\nVila Nova da Barquinha: +351 912 925 566<br \/>\nE-mail: <a href=\"mailto:dep.logistica@joseneves.pt\">dep.logistica@joseneves.pt<\/a>[\/vc_column_text][vc_empty_space height=&#8221;30px&#8221;][\/vc_column_inner][vc_column_inner width=&#8221;1\/2&#8243;][vc_column_text]<strong>Compras y suministros (Convi\u00e9rtete en nuestro proveedor)<\/strong><br \/>\nTel. +351 910 998 406<br \/>\nE-mail: <a href=\"mailto:dep.compras@joseneves.pt\">dep.compras@joseneves.pt<\/a>[\/vc_column_text][vc_empty_space height=&#8221;30px&#8221;][vc_column_text]<strong>Financiero y RH<\/strong><br \/>\nTel. +351 253 479 056<br \/>\nE-mail: <a href=\"mailto:contabilidade@joseneves.pt\">contabilidade@joseneves.pt<\/a>[\/vc_column_text][vc_empty_space height=&#8221;30px&#8221;][vc_column_text]<strong>Marketing y Comunicaci\u00f3n<\/strong><br \/>\nE-mail: <a href=\"mailto:marketing@joseneves.pt\">marketing@joseneves.pt<\/a>[\/vc_column_text][vc_empty_space height=&#8221;30px&#8221;][vc_column_text]<strong>TI<\/strong><br \/>\nTel. +351 253 479 183<br \/>\nE-mail: <a href=\"mailto:iton@joseneves.pt\">iton@joseneves.pt<\/a>[\/vc_column_text][vc_empty_space height=&#8221;30px&#8221;][\/vc_column_inner][\/vc_row_inner][\/vc_column][\/vc_row]<\/p>\n","protected":false},"excerpt":{"rendered":"<p>[vc_row][vc_column][vc_row_inner][vc_column_inner width=&#8221;1\/2&#8243;][vc_column_text]Si necesita ayuda sobre un tema espec\u00edfico, pulse aqu\u00ed:[\/vc_column_text][vc_btn title=&#8221;ATENCI\u00d3N AL CLIENTE&#8221; shape=&#8221;square&#8221; color=&#8221;primary&#8221; size=&#8221;xs&#8221; align=&#8221;left&#8221; link=&#8221;url:https%3A%2F%2Fwww.joseneves.pt%2Fes%2Fcontactos%2Fatencion-al-cliente-2%2F|||&#8221;][vc_empty_space height=&#8221;30px&#8221;][vc_column_text]Para recibir<span class=\"excerpt-hellip\"> [\u2026]<\/span><\/p>\n","protected":false},"author":7,"featured_media":0,"parent":8984,"menu_order":0,"comment_status":"closed","ping_status":"closed","template":"","meta":[],"categories":[],"tags":[],"yoast_head":"<!-- This site is optimized with the Yoast SEO plugin v16.9 - https:\/\/yoast.com\/wordpress\/plugins\/seo\/ -->\n<title>Otros Contactos - Jos\u00e9 Neves Embalagens<\/title>\n<meta name=\"robots\" content=\"index, follow, max-snippet:-1, max-image-preview:large, max-video-preview:-1\" \/>\n<link rel=\"canonical\" href=\"https:\/\/www.joseneves.pt\/es\/atencion-al-cliente-2\/contactos\/\" \/>\n<meta property=\"og:locale\" content=\"es_ES\" \/>\n<meta property=\"og:type\" content=\"article\" \/>\n<meta property=\"og:title\" content=\"Otros Contactos - Jos\u00e9 Neves Embalagens\" \/>\n<meta property=\"og:description\" content=\"[vc_row][vc_column][vc_row_inner][vc_column_inner width=&#8221;1\/2&#8243;][vc_column_text]Si necesita ayuda sobre un tema espec\u00edfico, pulse aqu\u00ed:[\/vc_column_text][vc_btn title=&#8221;ATENCI\u00d3N AL CLIENTE&#8221; shape=&#8221;square&#8221; color=&#8221;primary&#8221; size=&#8221;xs&#8221; align=&#8221;left&#8221; link=&#8221;url:https%3A%2F%2Fwww.joseneves.pt%2Fes%2Fcontactos%2Fatencion-al-cliente-2%2F|||&#8221;][vc_empty_space height=&#8221;30px&#8221;][vc_column_text]Para recibir [\u2026]\" \/>\n<meta property=\"og:url\" content=\"https:\/\/www.joseneves.pt\/es\/atencion-al-cliente-2\/contactos\/\" \/>\n<meta property=\"og:site_name\" content=\"Jos\u00e9 Neves Embalagens\" \/>\n<meta property=\"article:modified_time\" content=\"2026-02-16T16:07:38+00:00\" \/>\n<meta name=\"twitter:card\" content=\"summary\" \/>\n<meta name=\"twitter:label1\" content=\"Tiempo de lectura\" \/>\n\t<meta name=\"twitter:data1\" content=\"1 minuto\" \/>\n<script type=\"application\/ld+json\" class=\"yoast-schema-graph\">{\"@context\":\"https:\/\/schema.org\",\"@graph\":[{\"@type\":\"Organization\",\"@id\":\"https:\/\/www.joseneves.pt\/#organization\",\"name\":\"Jos\\u00e9 Neves\",\"url\":\"https:\/\/www.joseneves.pt\/\",\"sameAs\":[],\"logo\":{\"@type\":\"ImageObject\",\"@id\":\"https:\/\/www.joseneves.pt\/#logo\",\"inLanguage\":\"es\",\"url\":\"https:\/\/www.joseneves.pt\/wp-content\/uploads\/2017\/04\/logotipo-34-1.png\",\"contentUrl\":\"https:\/\/www.joseneves.pt\/wp-content\/uploads\/2017\/04\/logotipo-34-1.png\",\"width\":192,\"height\":50,\"caption\":\"Jos\\u00e9 Neves\"},\"image\":{\"@id\":\"https:\/\/www.joseneves.pt\/#logo\"}},{\"@type\":\"WebSite\",\"@id\":\"https:\/\/www.joseneves.pt\/#website\",\"url\":\"https:\/\/www.joseneves.pt\/\",\"name\":\"Jos\\u00e9 Neves Embalagens\",\"description\":\"Embalagens, embalagem por medida, embalagens ecol\\u00f3gicas, caixas, cantoneiras, papel diverso, fitas adesivas, pl\\u00e1sticos, m\\u00e1quinas e equipamentos para embalagem.\",\"publisher\":{\"@id\":\"https:\/\/www.joseneves.pt\/#organization\"},\"potentialAction\":[{\"@type\":\"SearchAction\",\"target\":{\"@type\":\"EntryPoint\",\"urlTemplate\":\"https:\/\/www.joseneves.pt\/?s={search_term_string}\"},\"query-input\":\"required name=search_term_string\"}],\"inLanguage\":\"es\"},{\"@type\":\"WebPage\",\"@id\":\"https:\/\/www.joseneves.pt\/es\/atencion-al-cliente-2\/contactos\/#webpage\",\"url\":\"https:\/\/www.joseneves.pt\/es\/atencion-al-cliente-2\/contactos\/\",\"name\":\"Otros Contactos - Jos\\u00e9 Neves Embalagens\",\"isPartOf\":{\"@id\":\"https:\/\/www.joseneves.pt\/#website\"},\"datePublished\":\"2024-10-18T17:38:07+00:00\",\"dateModified\":\"2026-02-16T16:07:38+00:00\",\"breadcrumb\":{\"@id\":\"https:\/\/www.joseneves.pt\/es\/atencion-al-cliente-2\/contactos\/#breadcrumb\"},\"inLanguage\":\"es\",\"potentialAction\":[{\"@type\":\"ReadAction\",\"target\":[\"https:\/\/www.joseneves.pt\/es\/atencion-al-cliente-2\/contactos\/\"]}]},{\"@type\":\"BreadcrumbList\",\"@id\":\"https:\/\/www.joseneves.pt\/es\/atencion-al-cliente-2\/contactos\/#breadcrumb\",\"itemListElement\":[{\"@type\":\"ListItem\",\"position\":1,\"name\":\"In\\u00edcio\",\"item\":\"https:\/\/www.joseneves.pt\/es\/\"},{\"@type\":\"ListItem\",\"position\":2,\"name\":\"Atenci\\u00f3n al Cliente\",\"item\":\"https:\/\/www.joseneves.pt\/es\/atencion-al-cliente-2\/\"},{\"@type\":\"ListItem\",\"position\":3,\"name\":\"Otros Contactos\"}]}]}<\/script>\n<!-- \/ Yoast SEO plugin. -->","yoast_head_json":{"title":"Otros Contactos - Jos\u00e9 Neves Embalagens","robots":{"index":"index","follow":"follow","max-snippet":"max-snippet:-1","max-image-preview":"max-image-preview:large","max-video-preview":"max-video-preview:-1"},"canonical":"https:\/\/www.joseneves.pt\/es\/atencion-al-cliente-2\/contactos\/","og_locale":"es_ES","og_type":"article","og_title":"Otros Contactos - Jos\u00e9 Neves Embalagens","og_description":"[vc_row][vc_column][vc_row_inner][vc_column_inner width=&#8221;1\/2&#8243;][vc_column_text]Si necesita ayuda sobre un tema espec\u00edfico, pulse aqu\u00ed:[\/vc_column_text][vc_btn title=&#8221;ATENCI\u00d3N AL CLIENTE&#8221; shape=&#8221;square&#8221; color=&#8221;primary&#8221; size=&#8221;xs&#8221; align=&#8221;left&#8221; link=&#8221;url:https%3A%2F%2Fwww.joseneves.pt%2Fes%2Fcontactos%2Fatencion-al-cliente-2%2F|||&#8221;][vc_empty_space height=&#8221;30px&#8221;][vc_column_text]Para recibir [\u2026]","og_url":"https:\/\/www.joseneves.pt\/es\/atencion-al-cliente-2\/contactos\/","og_site_name":"Jos\u00e9 Neves Embalagens","article_modified_time":"2026-02-16T16:07:38+00:00","twitter_card":"summary","twitter_misc":{"Tiempo de lectura":"1 minuto"},"schema":{"@context":"https:\/\/schema.org","@graph":[{"@type":"Organization","@id":"https:\/\/www.joseneves.pt\/#organization","name":"Jos\u00e9 Neves","url":"https:\/\/www.joseneves.pt\/","sameAs":[],"logo":{"@type":"ImageObject","@id":"https:\/\/www.joseneves.pt\/#logo","inLanguage":"es","url":"https:\/\/www.joseneves.pt\/wp-content\/uploads\/2017\/04\/logotipo-34-1.png","contentUrl":"https:\/\/www.joseneves.pt\/wp-content\/uploads\/2017\/04\/logotipo-34-1.png","width":192,"height":50,"caption":"Jos\u00e9 Neves"},"image":{"@id":"https:\/\/www.joseneves.pt\/#logo"}},{"@type":"WebSite","@id":"https:\/\/www.joseneves.pt\/#website","url":"https:\/\/www.joseneves.pt\/","name":"Jos\u00e9 Neves Embalagens","description":"Embalagens, embalagem por medida, embalagens ecol\u00f3gicas, caixas, cantoneiras, papel diverso, fitas adesivas, pl\u00e1sticos, m\u00e1quinas e equipamentos para embalagem.","publisher":{"@id":"https:\/\/www.joseneves.pt\/#organization"},"potentialAction":[{"@type":"SearchAction","target":{"@type":"EntryPoint","urlTemplate":"https:\/\/www.joseneves.pt\/?s={search_term_string}"},"query-input":"required name=search_term_string"}],"inLanguage":"es"},{"@type":"WebPage","@id":"https:\/\/www.joseneves.pt\/es\/atencion-al-cliente-2\/contactos\/#webpage","url":"https:\/\/www.joseneves.pt\/es\/atencion-al-cliente-2\/contactos\/","name":"Otros Contactos - Jos\u00e9 Neves Embalagens","isPartOf":{"@id":"https:\/\/www.joseneves.pt\/#website"},"datePublished":"2024-10-18T17:38:07+00:00","dateModified":"2026-02-16T16:07:38+00:00","breadcrumb":{"@id":"https:\/\/www.joseneves.pt\/es\/atencion-al-cliente-2\/contactos\/#breadcrumb"},"inLanguage":"es","potentialAction":[{"@type":"ReadAction","target":["https:\/\/www.joseneves.pt\/es\/atencion-al-cliente-2\/contactos\/"]}]},{"@type":"BreadcrumbList","@id":"https:\/\/www.joseneves.pt\/es\/atencion-al-cliente-2\/contactos\/#breadcrumb","itemListElement":[{"@type":"ListItem","position":1,"name":"In\u00edcio","item":"https:\/\/www.joseneves.pt\/es\/"},{"@type":"ListItem","position":2,"name":"Atenci\u00f3n al Cliente","item":"https:\/\/www.joseneves.pt\/es\/atencion-al-cliente-2\/"},{"@type":"ListItem","position":3,"name":"Otros Contactos"}]}]}},"_links":{"self":[{"href":"https:\/\/www.joseneves.pt\/es\/wp-json\/wp\/v2\/pages\/8742"}],"collection":[{"href":"https:\/\/www.joseneves.pt\/es\/wp-json\/wp\/v2\/pages"}],"about":[{"href":"https:\/\/www.joseneves.pt\/es\/wp-json\/wp\/v2\/types\/page"}],"author":[{"embeddable":true,"href":"https:\/\/www.joseneves.pt\/es\/wp-json\/wp\/v2\/users\/7"}],"replies":[{"embeddable":true,"href":"https:\/\/www.joseneves.pt\/es\/wp-json\/wp\/v2\/comments?post=8742"}],"version-history":[{"count":27,"href":"https:\/\/www.joseneves.pt\/es\/wp-json\/wp\/v2\/pages\/8742\/revisions"}],"predecessor-version":[{"id":9089,"href":"https:\/\/www.joseneves.pt\/es\/wp-json\/wp\/v2\/pages\/8742\/revisions\/9089"}],"up":[{"embeddable":true,"href":"https:\/\/www.joseneves.pt\/es\/wp-json\/wp\/v2\/pages\/8984"}],"wp:attachment":[{"href":"https:\/\/www.joseneves.pt\/es\/wp-json\/wp\/v2\/media?parent=8742"}],"wp:term":[{"taxonomy":"category","embeddable":true,"href":"https:\/\/www.joseneves.pt\/es\/wp-json\/wp\/v2\/categories?post=8742"},{"taxonomy":"post_tag","embeddable":true,"href":"https:\/\/www.joseneves.pt\/es\/wp-json\/wp\/v2\/tags?post=8742"}],"curies":[{"name":"wp","href":"https:\/\/api.w.org\/{rel}","templated":true}]}}