

{"id":5820,"date":"2021-05-27T11:17:22","date_gmt":"2021-05-27T10:17:22","guid":{"rendered":"http:\/\/www.joseneves.pt\/?page_id=5820\/"},"modified":"2022-11-02T12:32:23","modified_gmt":"2022-11-02T12:32:23","slug":"catalogos-productos","status":"publish","type":"page","link":"https:\/\/www.joseneves.pt\/es\/catalogos-productos\/","title":{"rendered":"Cat\u00e1logos"},"content":{"rendered":"<p>[vc_row][vc_column]<div class=\"fancy_heading fancy_heading_line\"><h2 class=\"title\">Cat\u00e1logos<\/h2><\/div>\n[vc_empty_space height=&#8221;20px&#8221;][vc_column_text]Aqu\u00ed puede consultar nuestros cat\u00e1logos de embalajes espec\u00edficos para cada negocio:[\/vc_column_text][vc_empty_space height=&#8221;30px&#8221;][\/vc_column][\/vc_row][vc_row][vc_column width=&#8221;1\/3&#8243;][vc_single_image image=&#8221;7135&#8243; img_size=&#8221;250&#215;171&#8243; onclick=&#8221;custom_link&#8221; img_link_target=&#8221;_blank&#8221; title=&#8221;Agricultura&#8221; link=&#8221;https:\/\/www.flipsnack.com\/8EAB5D9C5A8\/cat-logo-agripack.html&#8221;][vc_empty_space height=&#8221;30px&#8221;][\/vc_column][vc_column width=&#8221;1\/3&#8243;][vc_single_image image=&#8221;7170&#8243; img_size=&#8221;250&#215;171&#8243; onclick=&#8221;custom_link&#8221; img_link_target=&#8221;_blank&#8221; title=&#8221;Comercio electronico&#8221; link=&#8221;https:\/\/www.flipsnack.com\/8EAB5D9C5A8\/catalogo-ecommerce.html&#8221;][vc_empty_space height=&#8221;30px&#8221;][\/vc_column][vc_column width=&#8221;1\/3&#8243;][vc_single_image image=&#8221;7143&#8243; img_size=&#8221;250&#215;171&#8243; onclick=&#8221;custom_link&#8221; img_link_target=&#8221;_blank&#8221; title=&#8221;Catalogo General&#8221; link=&#8221;https:\/\/www.joseneves.pt\/wp-content\/uploads\/2016\/07\/catalogo.pdf&#8221;][vc_empty_space height=&#8221;30px&#8221;][\/vc_column][\/vc_row][vc_row][vc_column width=&#8221;1\/3&#8243;][vc_single_image image=&#8221;7881&#8243; img_size=&#8221;250&#215;171&#8243; onclick=&#8221;custom_link&#8221; img_link_target=&#8221;_blank&#8221; title=&#8221;Embalaje sostenible&#8221; link=&#8221;https:\/\/www.joseneves.pt\/catalogos\/jose-neves-ecopackaging.pdf&#8221;][vc_empty_space height=&#8221;30px&#8221;][\/vc_column][vc_column width=&#8221;1\/3&#8243;][vc_single_image image=&#8221;7179&#8243; img_size=&#8221;250&#215;171&#8243; onclick=&#8221;custom_link&#8221; img_link_target=&#8221;_blank&#8221; title=&#8221;Embalajes de relleno y protecci\u00f3n&#8221; link=&#8221;https:\/\/www.flipsnack.com\/8EAB5D9C5A8\/embalagem-protecao-enchimento-jose-neves.html&#8221;][vc_empty_space height=&#8221;30px&#8221;][\/vc_column][vc_column width=&#8221;1\/3&#8243;][vc_single_image image=&#8221;7207&#8243; img_size=&#8221;250&#215;171&#8243; onclick=&#8221;custom_link&#8221; img_link_target=&#8221;_blank&#8221; title=&#8221;Envases Take Away&#8221; link=&#8221;https:\/\/www.flipsnack.com\/8EAB5D9C5A8\/take-away-packaging.html&#8221;][vc_empty_space height=&#8221;30px&#8221;][\/vc_column][\/vc_row]<\/p>\n","protected":false},"excerpt":{"rendered":"<p>[vc_row][vc_column][vc_empty_space height=&#8221;20px&#8221;][vc_column_text]Aqu\u00ed puede consultar nuestros cat\u00e1logos de embalajes espec\u00edficos para cada negocio:[\/vc_column_text][vc_empty_space height=&#8221;30px&#8221;][\/vc_column][\/vc_row][vc_row][vc_column width=&#8221;1\/3&#8243;][vc_single_image image=&#8221;7135&#8243; img_size=&#8221;250&#215;171&#8243; onclick=&#8221;custom_link&#8221; img_link_target=&#8221;_blank&#8221; title=&#8221;Agricultura&#8221; link=&#8221;https:\/\/www.flipsnack.com\/8EAB5D9C5A8\/cat-logo-agripack.html&#8221;][vc_empty_space<span class=\"excerpt-hellip\"> [\u2026]<\/span><\/p>\n","protected":false},"author":7,"featured_media":0,"parent":0,"menu_order":0,"comment_status":"closed","ping_status":"closed","template":"","meta":[],"categories":[],"tags":[],"yoast_head":"<!-- This site is optimized with the Yoast SEO plugin v16.9 - https:\/\/yoast.com\/wordpress\/plugins\/seo\/ -->\n<title>Cat\u00e1logos - Jos\u00e9 Neves Embalagens<\/title>\n<meta name=\"robots\" content=\"index, follow, max-snippet:-1, max-image-preview:large, max-video-preview:-1\" \/>\n<link rel=\"canonical\" href=\"https:\/\/www.joseneves.pt\/es\/catalogos-productos\/\" \/>\n<meta property=\"og:locale\" content=\"es_ES\" \/>\n<meta property=\"og:type\" content=\"article\" \/>\n<meta property=\"og:title\" content=\"Cat\u00e1logos - Jos\u00e9 Neves Embalagens\" \/>\n<meta property=\"og:description\" content=\"[vc_row][vc_column][vc_empty_space height=&#8221;20px&#8221;][vc_column_text]Aqu\u00ed puede consultar nuestros cat\u00e1logos de embalajes espec\u00edficos para cada negocio:[\/vc_column_text][vc_empty_space height=&#8221;30px&#8221;][\/vc_column][\/vc_row][vc_row][vc_column width=&#8221;1\/3&#8243;][vc_single_image image=&#8221;7135&#8243; img_size=&#8221;250&#215;171&#8243; onclick=&#8221;custom_link&#8221; img_link_target=&#8221;_blank&#8221; title=&#8221;Agricultura&#8221; link=&#8221;https:\/\/www.flipsnack.com\/8EAB5D9C5A8\/cat-logo-agripack.html&#8221;][vc_empty_space [\u2026]\" \/>\n<meta property=\"og:url\" content=\"https:\/\/www.joseneves.pt\/es\/catalogos-productos\/\" \/>\n<meta property=\"og:site_name\" content=\"Jos\u00e9 Neves Embalagens\" \/>\n<meta property=\"article:modified_time\" content=\"2022-11-02T12:32:23+00:00\" \/>\n<meta name=\"twitter:card\" content=\"summary\" \/>\n<meta name=\"twitter:label1\" content=\"Tiempo de lectura\" \/>\n\t<meta name=\"twitter:data1\" content=\"1 minuto\" \/>\n<script type=\"application\/ld+json\" class=\"yoast-schema-graph\">{\"@context\":\"https:\/\/schema.org\",\"@graph\":[{\"@type\":\"Organization\",\"@id\":\"https:\/\/www.joseneves.pt\/#organization\",\"name\":\"Jos\\u00e9 Neves\",\"url\":\"https:\/\/www.joseneves.pt\/\",\"sameAs\":[],\"logo\":{\"@type\":\"ImageObject\",\"@id\":\"https:\/\/www.joseneves.pt\/#logo\",\"inLanguage\":\"es\",\"url\":\"https:\/\/www.joseneves.pt\/wp-content\/uploads\/2017\/04\/logotipo-34-1.png\",\"contentUrl\":\"https:\/\/www.joseneves.pt\/wp-content\/uploads\/2017\/04\/logotipo-34-1.png\",\"width\":192,\"height\":50,\"caption\":\"Jos\\u00e9 Neves\"},\"image\":{\"@id\":\"https:\/\/www.joseneves.pt\/#logo\"}},{\"@type\":\"WebSite\",\"@id\":\"https:\/\/www.joseneves.pt\/#website\",\"url\":\"https:\/\/www.joseneves.pt\/\",\"name\":\"Jos\\u00e9 Neves Embalagens\",\"description\":\"Embalagens, embalagem por medida, embalagens ecol\\u00f3gicas, caixas, cantoneiras, papel diverso, fitas adesivas, pl\\u00e1sticos, m\\u00e1quinas e equipamentos para embalagem.\",\"publisher\":{\"@id\":\"https:\/\/www.joseneves.pt\/#organization\"},\"potentialAction\":[{\"@type\":\"SearchAction\",\"target\":{\"@type\":\"EntryPoint\",\"urlTemplate\":\"https:\/\/www.joseneves.pt\/?s={search_term_string}\"},\"query-input\":\"required name=search_term_string\"}],\"inLanguage\":\"es\"},{\"@type\":\"WebPage\",\"@id\":\"https:\/\/www.joseneves.pt\/es\/catalogos-productos\/#webpage\",\"url\":\"https:\/\/www.joseneves.pt\/es\/catalogos-productos\/\",\"name\":\"Cat\\u00e1logos - Jos\\u00e9 Neves Embalagens\",\"isPartOf\":{\"@id\":\"https:\/\/www.joseneves.pt\/#website\"},\"datePublished\":\"2021-05-27T10:17:22+00:00\",\"dateModified\":\"2022-11-02T12:32:23+00:00\",\"breadcrumb\":{\"@id\":\"https:\/\/www.joseneves.pt\/es\/catalogos-productos\/#breadcrumb\"},\"inLanguage\":\"es\",\"potentialAction\":[{\"@type\":\"ReadAction\",\"target\":[\"https:\/\/www.joseneves.pt\/es\/catalogos-productos\/\"]}]},{\"@type\":\"BreadcrumbList\",\"@id\":\"https:\/\/www.joseneves.pt\/es\/catalogos-productos\/#breadcrumb\",\"itemListElement\":[{\"@type\":\"ListItem\",\"position\":1,\"name\":\"In\\u00edcio\",\"item\":\"https:\/\/www.joseneves.pt\/es\/\"},{\"@type\":\"ListItem\",\"position\":2,\"name\":\"Cat\\u00e1logos\"}]}]}<\/script>\n<!-- \/ Yoast SEO plugin. -->","yoast_head_json":{"title":"Cat\u00e1logos - Jos\u00e9 Neves Embalagens","robots":{"index":"index","follow":"follow","max-snippet":"max-snippet:-1","max-image-preview":"max-image-preview:large","max-video-preview":"max-video-preview:-1"},"canonical":"https:\/\/www.joseneves.pt\/es\/catalogos-productos\/","og_locale":"es_ES","og_type":"article","og_title":"Cat\u00e1logos - Jos\u00e9 Neves Embalagens","og_description":"[vc_row][vc_column][vc_empty_space height=&#8221;20px&#8221;][vc_column_text]Aqu\u00ed puede consultar nuestros cat\u00e1logos de embalajes espec\u00edficos para cada negocio:[\/vc_column_text][vc_empty_space height=&#8221;30px&#8221;][\/vc_column][\/vc_row][vc_row][vc_column width=&#8221;1\/3&#8243;][vc_single_image image=&#8221;7135&#8243; img_size=&#8221;250&#215;171&#8243; onclick=&#8221;custom_link&#8221; img_link_target=&#8221;_blank&#8221; title=&#8221;Agricultura&#8221; link=&#8221;https:\/\/www.flipsnack.com\/8EAB5D9C5A8\/cat-logo-agripack.html&#8221;][vc_empty_space [\u2026]","og_url":"https:\/\/www.joseneves.pt\/es\/catalogos-productos\/","og_site_name":"Jos\u00e9 Neves Embalagens","article_modified_time":"2022-11-02T12:32:23+00:00","twitter_card":"summary","twitter_misc":{"Tiempo de lectura":"1 minuto"},"schema":{"@context":"https:\/\/schema.org","@graph":[{"@type":"Organization","@id":"https:\/\/www.joseneves.pt\/#organization","name":"Jos\u00e9 Neves","url":"https:\/\/www.joseneves.pt\/","sameAs":[],"logo":{"@type":"ImageObject","@id":"https:\/\/www.joseneves.pt\/#logo","inLanguage":"es","url":"https:\/\/www.joseneves.pt\/wp-content\/uploads\/2017\/04\/logotipo-34-1.png","contentUrl":"https:\/\/www.joseneves.pt\/wp-content\/uploads\/2017\/04\/logotipo-34-1.png","width":192,"height":50,"caption":"Jos\u00e9 Neves"},"image":{"@id":"https:\/\/www.joseneves.pt\/#logo"}},{"@type":"WebSite","@id":"https:\/\/www.joseneves.pt\/#website","url":"https:\/\/www.joseneves.pt\/","name":"Jos\u00e9 Neves Embalagens","description":"Embalagens, embalagem por medida, embalagens ecol\u00f3gicas, caixas, cantoneiras, papel diverso, fitas adesivas, pl\u00e1sticos, m\u00e1quinas e equipamentos para embalagem.","publisher":{"@id":"https:\/\/www.joseneves.pt\/#organization"},"potentialAction":[{"@type":"SearchAction","target":{"@type":"EntryPoint","urlTemplate":"https:\/\/www.joseneves.pt\/?s={search_term_string}"},"query-input":"required name=search_term_string"}],"inLanguage":"es"},{"@type":"WebPage","@id":"https:\/\/www.joseneves.pt\/es\/catalogos-productos\/#webpage","url":"https:\/\/www.joseneves.pt\/es\/catalogos-productos\/","name":"Cat\u00e1logos - Jos\u00e9 Neves Embalagens","isPartOf":{"@id":"https:\/\/www.joseneves.pt\/#website"},"datePublished":"2021-05-27T10:17:22+00:00","dateModified":"2022-11-02T12:32:23+00:00","breadcrumb":{"@id":"https:\/\/www.joseneves.pt\/es\/catalogos-productos\/#breadcrumb"},"inLanguage":"es","potentialAction":[{"@type":"ReadAction","target":["https:\/\/www.joseneves.pt\/es\/catalogos-productos\/"]}]},{"@type":"BreadcrumbList","@id":"https:\/\/www.joseneves.pt\/es\/catalogos-productos\/#breadcrumb","itemListElement":[{"@type":"ListItem","position":1,"name":"In\u00edcio","item":"https:\/\/www.joseneves.pt\/es\/"},{"@type":"ListItem","position":2,"name":"Cat\u00e1logos"}]}]}},"_links":{"self":[{"href":"https:\/\/www.joseneves.pt\/es\/wp-json\/wp\/v2\/pages\/5820"}],"collection":[{"href":"https:\/\/www.joseneves.pt\/es\/wp-json\/wp\/v2\/pages"}],"about":[{"href":"https:\/\/www.joseneves.pt\/es\/wp-json\/wp\/v2\/types\/page"}],"author":[{"embeddable":true,"href":"https:\/\/www.joseneves.pt\/es\/wp-json\/wp\/v2\/users\/7"}],"replies":[{"embeddable":true,"href":"https:\/\/www.joseneves.pt\/es\/wp-json\/wp\/v2\/comments?post=5820"}],"version-history":[{"count":10,"href":"https:\/\/www.joseneves.pt\/es\/wp-json\/wp\/v2\/pages\/5820\/revisions"}],"predecessor-version":[{"id":7884,"href":"https:\/\/www.joseneves.pt\/es\/wp-json\/wp\/v2\/pages\/5820\/revisions\/7884"}],"wp:attachment":[{"href":"https:\/\/www.joseneves.pt\/es\/wp-json\/wp\/v2\/media?parent=5820"}],"wp:term":[{"taxonomy":"category","embeddable":true,"href":"https:\/\/www.joseneves.pt\/es\/wp-json\/wp\/v2\/categories?post=5820"},{"taxonomy":"post_tag","embeddable":true,"href":"https:\/\/www.joseneves.pt\/es\/wp-json\/wp\/v2\/tags?post=5820"}],"curies":[{"name":"wp","href":"https:\/\/api.w.org\/{rel}","templated":true}]}}