

{"id":5815,"date":"2019-09-02T16:58:49","date_gmt":"2019-09-02T15:58:49","guid":{"rendered":"http:\/\/www.joseneves.pt\/?page_id=5815\/"},"modified":"2020-08-31T15:24:46","modified_gmt":"2020-08-31T14:24:46","slug":"politica-forestal","status":"publish","type":"page","link":"https:\/\/www.joseneves.pt\/es\/politica-forestal\/","title":{"rendered":"Pol\u00edtica Forestal"},"content":{"rendered":"<p>[vc_row][vc_column]<div class=\"fancy_heading fancy_heading_line\"><h2 class=\"title\">Pol\u00edtica Forestal: Pol\u00edtica de cadena de gesti\u00f3n de productos b\u00e1sicos basada en los bosques<\/h2><\/div>\n[vc_empty_space height=&#8221;20px&#8221;]<div class=\"fancy_heading fancy_heading_icon\"><h2 class=\"title\">\u00bb Pol\u00edtica Forestal<\/h2><\/div>\n[vc_empty_space height=&#8221;20px&#8221;][vc_column_text]Jos\u00e9 Neves, en cumplimiento de su Pol\u00edtica Global de Calidad, Medio Ambiente, Seguridad y Responsabilidad Social y su C\u00f3digo de Conducta, promueve la protecci\u00f3n del medio ambiente y la econom\u00eda circular y se compromete a contribuir al manejo responsable de los bosques a trav\u00e9s de elecci\u00f3n y uso de fuentes y productos certificados de la\u00a0Cadena de Custodia y \/ o Cadena de Responsabilidad en la gesti\u00f3n de la producci\u00f3n de productos dentro del alcance de los objetivos contenidos en estas normas y aplicables a sus actividades y productos.<\/p>\n<p>Jos\u00e9 Neves cree que la implementaci\u00f3n, el mantenimiento y la mejora de las mejores pr\u00e1cticas en la cadena de custodia y los marcos normativos de responsabilidad del manejo forestal promueven un camino m\u00e1s efectivo para alcanzar los objetivos de sostenibilidad y promueven de manera acumulativa una amplia conciencia de la protecci\u00f3n a lo largo de su cadena de valor.<\/p>\n<p>Puede consultar el documento de Pol\u00edtica Forestal de Jos\u00e9 Neves aqu\u00ed: <a href=\"https:\/\/joseneves.pt\/docs\/politica-florestal-jose-neves-embalagens.pdf\">ver Pol\u00edtica Forestal<\/a>.<\/p>\n<p>Puede encontrar <a href=\"https:\/\/joseneves.pt\/docs\/fsc-coc.pdf\">aqu\u00ed<\/a> la Certificaci\u00f3n de la Cadena de Custodia FSC \u00ae (Forest Stewardship Council).<\/p>\n<p>Puede consultar <a href=\"https:\/\/joseneves.pt\/docs\/pefc-coc.pdf\">aqu\u00ed<\/a> la Certificaci\u00f3n de la Cadena de Responsabilidad PEFC \u2122 (Programme for the Endorsement of Forest Certification schemes).[\/vc_column_text][vc_empty_space height=&#8221;30px&#8221;][\/vc_column][\/vc_row]<\/p>\n","protected":false},"excerpt":{"rendered":"<p>[vc_row][vc_column][vc_empty_space height=&#8221;20px&#8221;][vc_empty_space height=&#8221;20px&#8221;][vc_column_text]Jos\u00e9 Neves, en cumplimiento de su Pol\u00edtica Global de Calidad, Medio Ambiente, Seguridad y Responsabilidad Social y su<span class=\"excerpt-hellip\"> [\u2026]<\/span><\/p>\n","protected":false},"author":7,"featured_media":0,"parent":0,"menu_order":0,"comment_status":"closed","ping_status":"closed","template":"","meta":[],"categories":[],"tags":[],"yoast_head":"<!-- This site is optimized with the Yoast SEO plugin v16.9 - https:\/\/yoast.com\/wordpress\/plugins\/seo\/ -->\n<title>Pol\u00edtica Forestal - Jos\u00e9 Neves Embalagens<\/title>\n<meta name=\"robots\" content=\"index, follow, max-snippet:-1, max-image-preview:large, max-video-preview:-1\" \/>\n<link rel=\"canonical\" href=\"https:\/\/www.joseneves.pt\/es\/politica-forestal\/\" \/>\n<meta property=\"og:locale\" content=\"es_ES\" \/>\n<meta property=\"og:type\" content=\"article\" \/>\n<meta property=\"og:title\" content=\"Pol\u00edtica Forestal - Jos\u00e9 Neves Embalagens\" \/>\n<meta property=\"og:description\" content=\"[vc_row][vc_column][vc_empty_space height=&#8221;20px&#8221;][vc_empty_space height=&#8221;20px&#8221;][vc_column_text]Jos\u00e9 Neves, en cumplimiento de su Pol\u00edtica Global de Calidad, Medio Ambiente, Seguridad y Responsabilidad Social y su [\u2026]\" \/>\n<meta property=\"og:url\" content=\"https:\/\/www.joseneves.pt\/es\/politica-forestal\/\" \/>\n<meta property=\"og:site_name\" content=\"Jos\u00e9 Neves Embalagens\" \/>\n<meta property=\"article:modified_time\" content=\"2020-08-31T14:24:46+00:00\" \/>\n<meta name=\"twitter:card\" content=\"summary\" \/>\n<meta name=\"twitter:label1\" content=\"Tiempo de lectura\" \/>\n\t<meta name=\"twitter:data1\" content=\"1 minuto\" \/>\n<script type=\"application\/ld+json\" class=\"yoast-schema-graph\">{\"@context\":\"https:\/\/schema.org\",\"@graph\":[{\"@type\":\"Organization\",\"@id\":\"https:\/\/www.joseneves.pt\/#organization\",\"name\":\"Jos\\u00e9 Neves\",\"url\":\"https:\/\/www.joseneves.pt\/\",\"sameAs\":[],\"logo\":{\"@type\":\"ImageObject\",\"@id\":\"https:\/\/www.joseneves.pt\/#logo\",\"inLanguage\":\"es\",\"url\":\"https:\/\/www.joseneves.pt\/wp-content\/uploads\/2017\/04\/logotipo-34-1.png\",\"contentUrl\":\"https:\/\/www.joseneves.pt\/wp-content\/uploads\/2017\/04\/logotipo-34-1.png\",\"width\":192,\"height\":50,\"caption\":\"Jos\\u00e9 Neves\"},\"image\":{\"@id\":\"https:\/\/www.joseneves.pt\/#logo\"}},{\"@type\":\"WebSite\",\"@id\":\"https:\/\/www.joseneves.pt\/#website\",\"url\":\"https:\/\/www.joseneves.pt\/\",\"name\":\"Jos\\u00e9 Neves Embalagens\",\"description\":\"Embalagens, embalagem por medida, embalagens ecol\\u00f3gicas, caixas, cantoneiras, papel diverso, fitas adesivas, pl\\u00e1sticos, m\\u00e1quinas e equipamentos para embalagem.\",\"publisher\":{\"@id\":\"https:\/\/www.joseneves.pt\/#organization\"},\"potentialAction\":[{\"@type\":\"SearchAction\",\"target\":{\"@type\":\"EntryPoint\",\"urlTemplate\":\"https:\/\/www.joseneves.pt\/?s={search_term_string}\"},\"query-input\":\"required name=search_term_string\"}],\"inLanguage\":\"es\"},{\"@type\":\"WebPage\",\"@id\":\"https:\/\/www.joseneves.pt\/es\/politica-forestal\/#webpage\",\"url\":\"https:\/\/www.joseneves.pt\/es\/politica-forestal\/\",\"name\":\"Pol\\u00edtica Forestal - Jos\\u00e9 Neves Embalagens\",\"isPartOf\":{\"@id\":\"https:\/\/www.joseneves.pt\/#website\"},\"datePublished\":\"2019-09-02T15:58:49+00:00\",\"dateModified\":\"2020-08-31T14:24:46+00:00\",\"breadcrumb\":{\"@id\":\"https:\/\/www.joseneves.pt\/es\/politica-forestal\/#breadcrumb\"},\"inLanguage\":\"es\",\"potentialAction\":[{\"@type\":\"ReadAction\",\"target\":[\"https:\/\/www.joseneves.pt\/es\/politica-forestal\/\"]}]},{\"@type\":\"BreadcrumbList\",\"@id\":\"https:\/\/www.joseneves.pt\/es\/politica-forestal\/#breadcrumb\",\"itemListElement\":[{\"@type\":\"ListItem\",\"position\":1,\"name\":\"In\\u00edcio\",\"item\":\"https:\/\/www.joseneves.pt\/es\/\"},{\"@type\":\"ListItem\",\"position\":2,\"name\":\"Pol\\u00edtica Forestal\"}]}]}<\/script>\n<!-- \/ Yoast SEO plugin. -->","yoast_head_json":{"title":"Pol\u00edtica Forestal - Jos\u00e9 Neves Embalagens","robots":{"index":"index","follow":"follow","max-snippet":"max-snippet:-1","max-image-preview":"max-image-preview:large","max-video-preview":"max-video-preview:-1"},"canonical":"https:\/\/www.joseneves.pt\/es\/politica-forestal\/","og_locale":"es_ES","og_type":"article","og_title":"Pol\u00edtica Forestal - Jos\u00e9 Neves Embalagens","og_description":"[vc_row][vc_column][vc_empty_space height=&#8221;20px&#8221;][vc_empty_space height=&#8221;20px&#8221;][vc_column_text]Jos\u00e9 Neves, en cumplimiento de su Pol\u00edtica Global de Calidad, Medio Ambiente, Seguridad y Responsabilidad Social y su [\u2026]","og_url":"https:\/\/www.joseneves.pt\/es\/politica-forestal\/","og_site_name":"Jos\u00e9 Neves Embalagens","article_modified_time":"2020-08-31T14:24:46+00:00","twitter_card":"summary","twitter_misc":{"Tiempo de lectura":"1 minuto"},"schema":{"@context":"https:\/\/schema.org","@graph":[{"@type":"Organization","@id":"https:\/\/www.joseneves.pt\/#organization","name":"Jos\u00e9 Neves","url":"https:\/\/www.joseneves.pt\/","sameAs":[],"logo":{"@type":"ImageObject","@id":"https:\/\/www.joseneves.pt\/#logo","inLanguage":"es","url":"https:\/\/www.joseneves.pt\/wp-content\/uploads\/2017\/04\/logotipo-34-1.png","contentUrl":"https:\/\/www.joseneves.pt\/wp-content\/uploads\/2017\/04\/logotipo-34-1.png","width":192,"height":50,"caption":"Jos\u00e9 Neves"},"image":{"@id":"https:\/\/www.joseneves.pt\/#logo"}},{"@type":"WebSite","@id":"https:\/\/www.joseneves.pt\/#website","url":"https:\/\/www.joseneves.pt\/","name":"Jos\u00e9 Neves Embalagens","description":"Embalagens, embalagem por medida, embalagens ecol\u00f3gicas, caixas, cantoneiras, papel diverso, fitas adesivas, pl\u00e1sticos, m\u00e1quinas e equipamentos para embalagem.","publisher":{"@id":"https:\/\/www.joseneves.pt\/#organization"},"potentialAction":[{"@type":"SearchAction","target":{"@type":"EntryPoint","urlTemplate":"https:\/\/www.joseneves.pt\/?s={search_term_string}"},"query-input":"required name=search_term_string"}],"inLanguage":"es"},{"@type":"WebPage","@id":"https:\/\/www.joseneves.pt\/es\/politica-forestal\/#webpage","url":"https:\/\/www.joseneves.pt\/es\/politica-forestal\/","name":"Pol\u00edtica Forestal - Jos\u00e9 Neves Embalagens","isPartOf":{"@id":"https:\/\/www.joseneves.pt\/#website"},"datePublished":"2019-09-02T15:58:49+00:00","dateModified":"2020-08-31T14:24:46+00:00","breadcrumb":{"@id":"https:\/\/www.joseneves.pt\/es\/politica-forestal\/#breadcrumb"},"inLanguage":"es","potentialAction":[{"@type":"ReadAction","target":["https:\/\/www.joseneves.pt\/es\/politica-forestal\/"]}]},{"@type":"BreadcrumbList","@id":"https:\/\/www.joseneves.pt\/es\/politica-forestal\/#breadcrumb","itemListElement":[{"@type":"ListItem","position":1,"name":"In\u00edcio","item":"https:\/\/www.joseneves.pt\/es\/"},{"@type":"ListItem","position":2,"name":"Pol\u00edtica Forestal"}]}]}},"_links":{"self":[{"href":"https:\/\/www.joseneves.pt\/es\/wp-json\/wp\/v2\/pages\/5815"}],"collection":[{"href":"https:\/\/www.joseneves.pt\/es\/wp-json\/wp\/v2\/pages"}],"about":[{"href":"https:\/\/www.joseneves.pt\/es\/wp-json\/wp\/v2\/types\/page"}],"author":[{"embeddable":true,"href":"https:\/\/www.joseneves.pt\/es\/wp-json\/wp\/v2\/users\/7"}],"replies":[{"embeddable":true,"href":"https:\/\/www.joseneves.pt\/es\/wp-json\/wp\/v2\/comments?post=5815"}],"version-history":[{"count":9,"href":"https:\/\/www.joseneves.pt\/es\/wp-json\/wp\/v2\/pages\/5815\/revisions"}],"predecessor-version":[{"id":6652,"href":"https:\/\/www.joseneves.pt\/es\/wp-json\/wp\/v2\/pages\/5815\/revisions\/6652"}],"wp:attachment":[{"href":"https:\/\/www.joseneves.pt\/es\/wp-json\/wp\/v2\/media?parent=5815"}],"wp:term":[{"taxonomy":"category","embeddable":true,"href":"https:\/\/www.joseneves.pt\/es\/wp-json\/wp\/v2\/categories?post=5815"},{"taxonomy":"post_tag","embeddable":true,"href":"https:\/\/www.joseneves.pt\/es\/wp-json\/wp\/v2\/tags?post=5815"}],"curies":[{"name":"wp","href":"https:\/\/api.w.org\/{rel}","templated":true}]}}