

{"id":1931,"date":"2016-09-07T09:51:24","date_gmt":"2016-09-07T09:51:24","guid":{"rendered":"http:\/\/www.joseneves.pt\/solucoes\/acessorios\/"},"modified":"2019-09-05T18:21:55","modified_gmt":"2019-09-05T17:21:55","slug":"accesoriosdelembalaje","status":"publish","type":"page","link":"https:\/\/www.joseneves.pt\/es\/soluciones\/accesoriosdelembalaje\/","title":{"rendered":"Accesorios del embalaje"},"content":{"rendered":"<p>[vc_row][vc_column]<div class=\"fancy_heading fancy_heading_line\"><h2 class=\"title\">Accesorios del embalaje<\/h2><\/div>\n[\/vc_column][\/vc_row][vc_row][vc_column]<div class=\"column_filters\"><div class=\"portfolio_wrapper isotope_wrapper \"><ul class=\"portfolio_group lm_wrapper isotope col-4 grid\"><\/ul><\/div>\n<\/div>\n[\/vc_column][\/vc_row]<\/p>\n","protected":false},"excerpt":{"rendered":"<p>[vc_row][vc_column][\/vc_column][\/vc_row][vc_row][vc_column][\/vc_column][\/vc_row]<\/p>\n","protected":false},"author":7,"featured_media":0,"parent":1927,"menu_order":0,"comment_status":"closed","ping_status":"closed","template":"","meta":[],"categories":[],"tags":[],"yoast_head":"<!-- This site is optimized with the Yoast SEO plugin v16.9 - https:\/\/yoast.com\/wordpress\/plugins\/seo\/ -->\n<title>Accesorios del embalaje - Jos\u00e9 Neves Embalagens<\/title>\n<meta name=\"robots\" content=\"index, follow, max-snippet:-1, max-image-preview:large, max-video-preview:-1\" \/>\n<link rel=\"canonical\" href=\"https:\/\/www.joseneves.pt\/es\/soluciones\/accesoriosdelembalaje\/\" \/>\n<meta property=\"og:locale\" content=\"es_ES\" \/>\n<meta property=\"og:type\" content=\"article\" \/>\n<meta property=\"og:title\" content=\"Accesorios del embalaje - Jos\u00e9 Neves Embalagens\" \/>\n<meta property=\"og:description\" content=\"[vc_row][vc_column][\/vc_column][\/vc_row][vc_row][vc_column][\/vc_column][\/vc_row]\" \/>\n<meta property=\"og:url\" content=\"https:\/\/www.joseneves.pt\/es\/soluciones\/accesoriosdelembalaje\/\" \/>\n<meta property=\"og:site_name\" content=\"Jos\u00e9 Neves Embalagens\" \/>\n<meta property=\"article:modified_time\" content=\"2019-09-05T17:21:55+00:00\" \/>\n<meta name=\"twitter:card\" content=\"summary\" \/>\n<script type=\"application\/ld+json\" class=\"yoast-schema-graph\">{\"@context\":\"https:\/\/schema.org\",\"@graph\":[{\"@type\":\"Organization\",\"@id\":\"https:\/\/www.joseneves.pt\/#organization\",\"name\":\"Jos\\u00e9 Neves\",\"url\":\"https:\/\/www.joseneves.pt\/\",\"sameAs\":[],\"logo\":{\"@type\":\"ImageObject\",\"@id\":\"https:\/\/www.joseneves.pt\/#logo\",\"inLanguage\":\"es\",\"url\":\"https:\/\/www.joseneves.pt\/wp-content\/uploads\/2017\/04\/logotipo-34-1.png\",\"contentUrl\":\"https:\/\/www.joseneves.pt\/wp-content\/uploads\/2017\/04\/logotipo-34-1.png\",\"width\":192,\"height\":50,\"caption\":\"Jos\\u00e9 Neves\"},\"image\":{\"@id\":\"https:\/\/www.joseneves.pt\/#logo\"}},{\"@type\":\"WebSite\",\"@id\":\"https:\/\/www.joseneves.pt\/#website\",\"url\":\"https:\/\/www.joseneves.pt\/\",\"name\":\"Jos\\u00e9 Neves Embalagens\",\"description\":\"Embalagens, embalagem por medida, embalagens ecol\\u00f3gicas, caixas, cantoneiras, papel diverso, fitas adesivas, pl\\u00e1sticos, m\\u00e1quinas e equipamentos para embalagem.\",\"publisher\":{\"@id\":\"https:\/\/www.joseneves.pt\/#organization\"},\"potentialAction\":[{\"@type\":\"SearchAction\",\"target\":{\"@type\":\"EntryPoint\",\"urlTemplate\":\"https:\/\/www.joseneves.pt\/?s={search_term_string}\"},\"query-input\":\"required name=search_term_string\"}],\"inLanguage\":\"es\"},{\"@type\":\"WebPage\",\"@id\":\"https:\/\/www.joseneves.pt\/es\/soluciones\/accesoriosdelembalaje\/#webpage\",\"url\":\"https:\/\/www.joseneves.pt\/es\/soluciones\/accesoriosdelembalaje\/\",\"name\":\"Accesorios del embalaje - Jos\\u00e9 Neves Embalagens\",\"isPartOf\":{\"@id\":\"https:\/\/www.joseneves.pt\/#website\"},\"datePublished\":\"2016-09-07T09:51:24+00:00\",\"dateModified\":\"2019-09-05T17:21:55+00:00\",\"breadcrumb\":{\"@id\":\"https:\/\/www.joseneves.pt\/es\/soluciones\/accesoriosdelembalaje\/#breadcrumb\"},\"inLanguage\":\"es\",\"potentialAction\":[{\"@type\":\"ReadAction\",\"target\":[\"https:\/\/www.joseneves.pt\/es\/soluciones\/accesoriosdelembalaje\/\"]}]},{\"@type\":\"BreadcrumbList\",\"@id\":\"https:\/\/www.joseneves.pt\/es\/soluciones\/accesoriosdelembalaje\/#breadcrumb\",\"itemListElement\":[{\"@type\":\"ListItem\",\"position\":1,\"name\":\"In\\u00edcio\",\"item\":\"https:\/\/www.joseneves.pt\/es\/\"},{\"@type\":\"ListItem\",\"position\":2,\"name\":\"Soluciones\",\"item\":\"https:\/\/www.joseneves.pt\/es\/soluciones\/\"},{\"@type\":\"ListItem\",\"position\":3,\"name\":\"Accesorios del embalaje\"}]}]}<\/script>\n<!-- \/ Yoast SEO plugin. -->","yoast_head_json":{"title":"Accesorios del embalaje - Jos\u00e9 Neves Embalagens","robots":{"index":"index","follow":"follow","max-snippet":"max-snippet:-1","max-image-preview":"max-image-preview:large","max-video-preview":"max-video-preview:-1"},"canonical":"https:\/\/www.joseneves.pt\/es\/soluciones\/accesoriosdelembalaje\/","og_locale":"es_ES","og_type":"article","og_title":"Accesorios del embalaje - Jos\u00e9 Neves Embalagens","og_description":"[vc_row][vc_column][\/vc_column][\/vc_row][vc_row][vc_column][\/vc_column][\/vc_row]","og_url":"https:\/\/www.joseneves.pt\/es\/soluciones\/accesoriosdelembalaje\/","og_site_name":"Jos\u00e9 Neves Embalagens","article_modified_time":"2019-09-05T17:21:55+00:00","twitter_card":"summary","schema":{"@context":"https:\/\/schema.org","@graph":[{"@type":"Organization","@id":"https:\/\/www.joseneves.pt\/#organization","name":"Jos\u00e9 Neves","url":"https:\/\/www.joseneves.pt\/","sameAs":[],"logo":{"@type":"ImageObject","@id":"https:\/\/www.joseneves.pt\/#logo","inLanguage":"es","url":"https:\/\/www.joseneves.pt\/wp-content\/uploads\/2017\/04\/logotipo-34-1.png","contentUrl":"https:\/\/www.joseneves.pt\/wp-content\/uploads\/2017\/04\/logotipo-34-1.png","width":192,"height":50,"caption":"Jos\u00e9 Neves"},"image":{"@id":"https:\/\/www.joseneves.pt\/#logo"}},{"@type":"WebSite","@id":"https:\/\/www.joseneves.pt\/#website","url":"https:\/\/www.joseneves.pt\/","name":"Jos\u00e9 Neves Embalagens","description":"Embalagens, embalagem por medida, embalagens ecol\u00f3gicas, caixas, cantoneiras, papel diverso, fitas adesivas, pl\u00e1sticos, m\u00e1quinas e equipamentos para embalagem.","publisher":{"@id":"https:\/\/www.joseneves.pt\/#organization"},"potentialAction":[{"@type":"SearchAction","target":{"@type":"EntryPoint","urlTemplate":"https:\/\/www.joseneves.pt\/?s={search_term_string}"},"query-input":"required name=search_term_string"}],"inLanguage":"es"},{"@type":"WebPage","@id":"https:\/\/www.joseneves.pt\/es\/soluciones\/accesoriosdelembalaje\/#webpage","url":"https:\/\/www.joseneves.pt\/es\/soluciones\/accesoriosdelembalaje\/","name":"Accesorios del embalaje - Jos\u00e9 Neves Embalagens","isPartOf":{"@id":"https:\/\/www.joseneves.pt\/#website"},"datePublished":"2016-09-07T09:51:24+00:00","dateModified":"2019-09-05T17:21:55+00:00","breadcrumb":{"@id":"https:\/\/www.joseneves.pt\/es\/soluciones\/accesoriosdelembalaje\/#breadcrumb"},"inLanguage":"es","potentialAction":[{"@type":"ReadAction","target":["https:\/\/www.joseneves.pt\/es\/soluciones\/accesoriosdelembalaje\/"]}]},{"@type":"BreadcrumbList","@id":"https:\/\/www.joseneves.pt\/es\/soluciones\/accesoriosdelembalaje\/#breadcrumb","itemListElement":[{"@type":"ListItem","position":1,"name":"In\u00edcio","item":"https:\/\/www.joseneves.pt\/es\/"},{"@type":"ListItem","position":2,"name":"Soluciones","item":"https:\/\/www.joseneves.pt\/es\/soluciones\/"},{"@type":"ListItem","position":3,"name":"Accesorios del embalaje"}]}]}},"_links":{"self":[{"href":"https:\/\/www.joseneves.pt\/es\/wp-json\/wp\/v2\/pages\/1931"}],"collection":[{"href":"https:\/\/www.joseneves.pt\/es\/wp-json\/wp\/v2\/pages"}],"about":[{"href":"https:\/\/www.joseneves.pt\/es\/wp-json\/wp\/v2\/types\/page"}],"author":[{"embeddable":true,"href":"https:\/\/www.joseneves.pt\/es\/wp-json\/wp\/v2\/users\/7"}],"replies":[{"embeddable":true,"href":"https:\/\/www.joseneves.pt\/es\/wp-json\/wp\/v2\/comments?post=1931"}],"version-history":[{"count":3,"href":"https:\/\/www.joseneves.pt\/es\/wp-json\/wp\/v2\/pages\/1931\/revisions"}],"predecessor-version":[{"id":6057,"href":"https:\/\/www.joseneves.pt\/es\/wp-json\/wp\/v2\/pages\/1931\/revisions\/6057"}],"up":[{"embeddable":true,"href":"https:\/\/www.joseneves.pt\/es\/wp-json\/wp\/v2\/pages\/1927"}],"wp:attachment":[{"href":"https:\/\/www.joseneves.pt\/es\/wp-json\/wp\/v2\/media?parent=1931"}],"wp:term":[{"taxonomy":"category","embeddable":true,"href":"https:\/\/www.joseneves.pt\/es\/wp-json\/wp\/v2\/categories?post=1931"},{"taxonomy":"post_tag","embeddable":true,"href":"https:\/\/www.joseneves.pt\/es\/wp-json\/wp\/v2\/tags?post=1931"}],"curies":[{"name":"wp","href":"https:\/\/api.w.org\/{rel}","templated":true}]}}