

{"id":1927,"date":"2016-01-26T10:20:55","date_gmt":"2016-01-26T10:20:55","guid":{"rendered":"http:\/\/www.joseneves.pt\/solucoes\/"},"modified":"2019-09-05T20:44:34","modified_gmt":"2019-09-05T19:44:34","slug":"soluciones","status":"publish","type":"page","link":"https:\/\/www.joseneves.pt\/es\/soluciones\/","title":{"rendered":"Soluciones"},"content":{"rendered":"<p>[vc_row][vc_column]<div class=\"fancy_heading fancy_heading_line\"><h2 class=\"title\">Soluciones de embalaje<\/h2><\/div>\n[vc_column_text]Aqu\u00ed puede conocer nuestras soluciones de envasado para cada sector de actividad.<\/p>\n<p>Si no encuentra lo que desea, siempre puede ponerse en contacto con nosotros para desarrollar una soluci\u00f3n adaptada a sus necesidades.[\/vc_column_text][\/vc_column][\/vc_row][vc_row css=&#8221;.vc_custom_1480502463831{padding-top: 10px !important;}&#8221;][vc_column][vc_row_inner][vc_column_inner width=&#8221;1\/4&#8243;]<div class=\"sliding_box\"><a href=\"http:\/\/www.joseneves.pt\/es\/soluciones\/accesoriosdelembalaje\/\" ><div class=\"photo_wrapper\"><img class=\"scale-with-grid\" src=\"https:\/\/www.joseneves.pt\/wp-content\/uploads\/2016\/09\/accesorios_galeria2.jpg\" alt=\"solucoes-accesorios-de-embalagem\" width=\"800\" height=\"600\"\/><\/div><div class=\"desc_wrapper\"><h4>Accesorios del embalaje<\/h4><\/div><\/a><\/div>\n[\/vc_column_inner][vc_column_inner width=&#8221;1\/4&#8243;]<div class=\"sliding_box\"><a href=\"http:\/\/www.joseneves.pt\/es\/soluciones\/embalaje\/\" ><div class=\"photo_wrapper\"><img class=\"scale-with-grid\" src=\"https:\/\/www.joseneves.pt\/wp-content\/uploads\/2016\/06\/caixa-cartolina-com-janela.jpg\" alt=\"solucoes-embalagens\" width=\"800\" height=\"600\"\/><\/div><div class=\"desc_wrapper\"><h4>Embalaje<\/h4><\/div><\/a><\/div>\n[\/vc_column_inner][vc_column_inner width=&#8221;1\/4&#8243;]<div class=\"sliding_box\"><a href=\"http:\/\/www.joseneves.pt\/es\/soluciones\/cierre-de-embalajes\/\" ><div class=\"photo_wrapper\"><img class=\"scale-with-grid\" src=\"https:\/\/www.joseneves.pt\/wp-content\/uploads\/2016\/09\/fitas_galeria10.jpg\" alt=\"solucoes-fecho-de-embalagens\" width=\"800\" height=\"600\"\/><\/div><div class=\"desc_wrapper\"><h4>Cierre de embalajes<\/h4><\/div><\/a><\/div>\n[\/vc_column_inner][vc_column_inner width=&#8221;1\/4&#8243;]<div class=\"sliding_box\"><a href=\"http:\/\/www.joseneves.pt\/es\/soluciones\/paletizacion-y-transporte\/\" ><div class=\"photo_wrapper\"><img class=\"scale-with-grid\" src=\"https:\/\/www.joseneves.pt\/wp-content\/uploads\/2016\/09\/paletes_galeria2.jpg\" alt=\"Paletes madeira\" width=\"800\" height=\"600\"\/><\/div><div class=\"desc_wrapper\"><h4>Paletizaci\u00f3n y Transporte<\/h4><\/div><\/a><\/div>\n[\/vc_column_inner][\/vc_row_inner][vc_row_inner][vc_column_inner width=&#8221;1\/4&#8243;]<div class=\"sliding_box\"><a href=\"http:\/\/www.joseneves.pt\/es\/soluciones\/relleno-y-proteccion\/\" ><div class=\"photo_wrapper\"><img class=\"scale-with-grid\" src=\"https:\/\/www.joseneves.pt\/wp-content\/uploads\/2016\/09\/Pl\u00e1sticos_galeria.jpg\" alt=\"solucoes-preenchimento-de-embalagens\" width=\"800\" height=\"600\"\/><\/div><div class=\"desc_wrapper\"><h4>Relleno y Protecci\u00f3n<\/h4><\/div><\/a><\/div>\n[\/vc_column_inner][vc_column_inner width=&#8221;1\/4&#8243;][\/vc_column_inner][\/vc_row_inner][\/vc_column][\/vc_row]<\/p>\n","protected":false},"excerpt":{"rendered":"<p>[vc_row][vc_column][vc_column_text]Aqu\u00ed puede conocer nuestras soluciones de envasado para cada sector de actividad. Si no encuentra lo que desea, siempre puede<span class=\"excerpt-hellip\"> [\u2026]<\/span><\/p>\n","protected":false},"author":7,"featured_media":0,"parent":0,"menu_order":0,"comment_status":"closed","ping_status":"closed","template":"","meta":[],"categories":[],"tags":[],"yoast_head":"<!-- This site is optimized with the Yoast SEO plugin v16.9 - https:\/\/yoast.com\/wordpress\/plugins\/seo\/ -->\n<title>Soluciones - Jos\u00e9 Neves Embalagens<\/title>\n<meta name=\"robots\" content=\"index, follow, max-snippet:-1, max-image-preview:large, max-video-preview:-1\" \/>\n<link rel=\"canonical\" href=\"https:\/\/www.joseneves.pt\/es\/soluciones\/\" \/>\n<meta property=\"og:locale\" content=\"es_ES\" \/>\n<meta property=\"og:type\" content=\"article\" \/>\n<meta property=\"og:title\" content=\"Soluciones - Jos\u00e9 Neves Embalagens\" \/>\n<meta property=\"og:description\" content=\"[vc_row][vc_column][vc_column_text]Aqu\u00ed puede conocer nuestras soluciones de envasado para cada sector de actividad. Si no encuentra lo que desea, siempre puede [\u2026]\" \/>\n<meta property=\"og:url\" content=\"https:\/\/www.joseneves.pt\/es\/soluciones\/\" \/>\n<meta property=\"og:site_name\" content=\"Jos\u00e9 Neves Embalagens\" \/>\n<meta property=\"article:modified_time\" content=\"2019-09-05T19:44:34+00:00\" \/>\n<meta name=\"twitter:card\" content=\"summary\" \/>\n<meta name=\"twitter:label1\" content=\"Tiempo de lectura\" \/>\n\t<meta name=\"twitter:data1\" content=\"1 minuto\" \/>\n<script type=\"application\/ld+json\" class=\"yoast-schema-graph\">{\"@context\":\"https:\/\/schema.org\",\"@graph\":[{\"@type\":\"Organization\",\"@id\":\"https:\/\/www.joseneves.pt\/#organization\",\"name\":\"Jos\\u00e9 Neves\",\"url\":\"https:\/\/www.joseneves.pt\/\",\"sameAs\":[],\"logo\":{\"@type\":\"ImageObject\",\"@id\":\"https:\/\/www.joseneves.pt\/#logo\",\"inLanguage\":\"es\",\"url\":\"https:\/\/www.joseneves.pt\/wp-content\/uploads\/2017\/04\/logotipo-34-1.png\",\"contentUrl\":\"https:\/\/www.joseneves.pt\/wp-content\/uploads\/2017\/04\/logotipo-34-1.png\",\"width\":192,\"height\":50,\"caption\":\"Jos\\u00e9 Neves\"},\"image\":{\"@id\":\"https:\/\/www.joseneves.pt\/#logo\"}},{\"@type\":\"WebSite\",\"@id\":\"https:\/\/www.joseneves.pt\/#website\",\"url\":\"https:\/\/www.joseneves.pt\/\",\"name\":\"Jos\\u00e9 Neves Embalagens\",\"description\":\"Embalagens, embalagem por medida, embalagens ecol\\u00f3gicas, caixas, cantoneiras, papel diverso, fitas adesivas, pl\\u00e1sticos, m\\u00e1quinas e equipamentos para embalagem.\",\"publisher\":{\"@id\":\"https:\/\/www.joseneves.pt\/#organization\"},\"potentialAction\":[{\"@type\":\"SearchAction\",\"target\":{\"@type\":\"EntryPoint\",\"urlTemplate\":\"https:\/\/www.joseneves.pt\/?s={search_term_string}\"},\"query-input\":\"required name=search_term_string\"}],\"inLanguage\":\"es\"},{\"@type\":\"WebPage\",\"@id\":\"https:\/\/www.joseneves.pt\/es\/soluciones\/#webpage\",\"url\":\"https:\/\/www.joseneves.pt\/es\/soluciones\/\",\"name\":\"Soluciones - Jos\\u00e9 Neves Embalagens\",\"isPartOf\":{\"@id\":\"https:\/\/www.joseneves.pt\/#website\"},\"datePublished\":\"2016-01-26T10:20:55+00:00\",\"dateModified\":\"2019-09-05T19:44:34+00:00\",\"breadcrumb\":{\"@id\":\"https:\/\/www.joseneves.pt\/es\/soluciones\/#breadcrumb\"},\"inLanguage\":\"es\",\"potentialAction\":[{\"@type\":\"ReadAction\",\"target\":[\"https:\/\/www.joseneves.pt\/es\/soluciones\/\"]}]},{\"@type\":\"BreadcrumbList\",\"@id\":\"https:\/\/www.joseneves.pt\/es\/soluciones\/#breadcrumb\",\"itemListElement\":[{\"@type\":\"ListItem\",\"position\":1,\"name\":\"In\\u00edcio\",\"item\":\"https:\/\/www.joseneves.pt\/es\/\"},{\"@type\":\"ListItem\",\"position\":2,\"name\":\"Soluciones\"}]}]}<\/script>\n<!-- \/ Yoast SEO plugin. -->","yoast_head_json":{"title":"Soluciones - Jos\u00e9 Neves Embalagens","robots":{"index":"index","follow":"follow","max-snippet":"max-snippet:-1","max-image-preview":"max-image-preview:large","max-video-preview":"max-video-preview:-1"},"canonical":"https:\/\/www.joseneves.pt\/es\/soluciones\/","og_locale":"es_ES","og_type":"article","og_title":"Soluciones - Jos\u00e9 Neves Embalagens","og_description":"[vc_row][vc_column][vc_column_text]Aqu\u00ed puede conocer nuestras soluciones de envasado para cada sector de actividad. Si no encuentra lo que desea, siempre puede [\u2026]","og_url":"https:\/\/www.joseneves.pt\/es\/soluciones\/","og_site_name":"Jos\u00e9 Neves Embalagens","article_modified_time":"2019-09-05T19:44:34+00:00","twitter_card":"summary","twitter_misc":{"Tiempo de lectura":"1 minuto"},"schema":{"@context":"https:\/\/schema.org","@graph":[{"@type":"Organization","@id":"https:\/\/www.joseneves.pt\/#organization","name":"Jos\u00e9 Neves","url":"https:\/\/www.joseneves.pt\/","sameAs":[],"logo":{"@type":"ImageObject","@id":"https:\/\/www.joseneves.pt\/#logo","inLanguage":"es","url":"https:\/\/www.joseneves.pt\/wp-content\/uploads\/2017\/04\/logotipo-34-1.png","contentUrl":"https:\/\/www.joseneves.pt\/wp-content\/uploads\/2017\/04\/logotipo-34-1.png","width":192,"height":50,"caption":"Jos\u00e9 Neves"},"image":{"@id":"https:\/\/www.joseneves.pt\/#logo"}},{"@type":"WebSite","@id":"https:\/\/www.joseneves.pt\/#website","url":"https:\/\/www.joseneves.pt\/","name":"Jos\u00e9 Neves Embalagens","description":"Embalagens, embalagem por medida, embalagens ecol\u00f3gicas, caixas, cantoneiras, papel diverso, fitas adesivas, pl\u00e1sticos, m\u00e1quinas e equipamentos para embalagem.","publisher":{"@id":"https:\/\/www.joseneves.pt\/#organization"},"potentialAction":[{"@type":"SearchAction","target":{"@type":"EntryPoint","urlTemplate":"https:\/\/www.joseneves.pt\/?s={search_term_string}"},"query-input":"required name=search_term_string"}],"inLanguage":"es"},{"@type":"WebPage","@id":"https:\/\/www.joseneves.pt\/es\/soluciones\/#webpage","url":"https:\/\/www.joseneves.pt\/es\/soluciones\/","name":"Soluciones - Jos\u00e9 Neves Embalagens","isPartOf":{"@id":"https:\/\/www.joseneves.pt\/#website"},"datePublished":"2016-01-26T10:20:55+00:00","dateModified":"2019-09-05T19:44:34+00:00","breadcrumb":{"@id":"https:\/\/www.joseneves.pt\/es\/soluciones\/#breadcrumb"},"inLanguage":"es","potentialAction":[{"@type":"ReadAction","target":["https:\/\/www.joseneves.pt\/es\/soluciones\/"]}]},{"@type":"BreadcrumbList","@id":"https:\/\/www.joseneves.pt\/es\/soluciones\/#breadcrumb","itemListElement":[{"@type":"ListItem","position":1,"name":"In\u00edcio","item":"https:\/\/www.joseneves.pt\/es\/"},{"@type":"ListItem","position":2,"name":"Soluciones"}]}]}},"_links":{"self":[{"href":"https:\/\/www.joseneves.pt\/es\/wp-json\/wp\/v2\/pages\/1927"}],"collection":[{"href":"https:\/\/www.joseneves.pt\/es\/wp-json\/wp\/v2\/pages"}],"about":[{"href":"https:\/\/www.joseneves.pt\/es\/wp-json\/wp\/v2\/types\/page"}],"author":[{"embeddable":true,"href":"https:\/\/www.joseneves.pt\/es\/wp-json\/wp\/v2\/users\/7"}],"replies":[{"embeddable":true,"href":"https:\/\/www.joseneves.pt\/es\/wp-json\/wp\/v2\/comments?post=1927"}],"version-history":[{"count":15,"href":"https:\/\/www.joseneves.pt\/es\/wp-json\/wp\/v2\/pages\/1927\/revisions"}],"predecessor-version":[{"id":6090,"href":"https:\/\/www.joseneves.pt\/es\/wp-json\/wp\/v2\/pages\/1927\/revisions\/6090"}],"wp:attachment":[{"href":"https:\/\/www.joseneves.pt\/es\/wp-json\/wp\/v2\/media?parent=1927"}],"wp:term":[{"taxonomy":"category","embeddable":true,"href":"https:\/\/www.joseneves.pt\/es\/wp-json\/wp\/v2\/categories?post=1927"},{"taxonomy":"post_tag","embeddable":true,"href":"https:\/\/www.joseneves.pt\/es\/wp-json\/wp\/v2\/tags?post=1927"}],"curies":[{"name":"wp","href":"https:\/\/api.w.org\/{rel}","templated":true}]}}