

{"id":1762,"date":"2017-02-07T11:49:46","date_gmt":"2017-02-07T11:49:46","guid":{"rendered":"http:\/\/www.joseneves.pt\/precisa-de-ajuda\/"},"modified":"2023-01-03T18:43:19","modified_gmt":"2023-01-03T18:43:19","slug":"necesitas-ayuda","status":"publish","type":"page","link":"https:\/\/www.joseneves.pt\/es\/necesitas-ayuda\/","title":{"rendered":"\u00bfNecesitas ayuda?"},"content":{"rendered":"<p>[vc_row][vc_column]<div class=\"fancy_heading fancy_heading_line\"><h2 class=\"title\">\u00bfNecesitas ayuda? \u00bfNo encuentras lo que estas buscando?<\/h2><\/div>\n[vc_column_text]\u00bfQuieres informaci\u00f3n adicional sobre nuestros productos o servicios? Cu\u00e9ntanos qu\u00e9 necesitas y responderemos a tu pedido a la mayor brevedad.[\/vc_column_text][vc_empty_space height=&#8221;8px&#8221;]<div role=\"form\" class=\"wpcf7\" id=\"wpcf7-f2115-o1\" lang=\"pt-PT\" dir=\"ltr\">\n<div class=\"screen-reader-response\"><p role=\"status\" aria-live=\"polite\" aria-atomic=\"true\"><\/p> <ul><\/ul><\/div>\n<form action=\"\/es\/wp-json\/wp\/v2\/pages\/1762#wpcf7-f2115-o1\" method=\"post\" class=\"wpcf7-form init\" enctype=\"multipart\/form-data\" novalidate=\"novalidate\" data-status=\"init\">\n<div style=\"display: none;\">\n<input type=\"hidden\" name=\"_wpcf7\" value=\"2115\" \/>\n<input type=\"hidden\" name=\"_wpcf7_version\" value=\"5.4.2\" \/>\n<input type=\"hidden\" name=\"_wpcf7_locale\" value=\"pt_PT\" \/>\n<input type=\"hidden\" name=\"_wpcf7_unit_tag\" value=\"wpcf7-f2115-o1\" \/>\n<input type=\"hidden\" name=\"_wpcf7_container_post\" value=\"0\" \/>\n<input type=\"hidden\" name=\"_wpcf7_posted_data_hash\" value=\"\" \/>\n<input type=\"hidden\" name=\"_wpcf7cf_hidden_group_fields\" value=\"[]\" \/>\n<input type=\"hidden\" name=\"_wpcf7cf_hidden_groups\" value=\"[]\" \/>\n<input type=\"hidden\" name=\"_wpcf7cf_visible_groups\" value=\"[]\" \/>\n<input type=\"hidden\" name=\"_wpcf7cf_repeaters\" value=\"[]\" \/>\n<input type=\"hidden\" name=\"_wpcf7cf_steps\" value=\"{}\" \/>\n<input type=\"hidden\" name=\"_wpcf7cf_options\" value=\"{&quot;form_id&quot;:2115,&quot;conditions&quot;:[],&quot;settings&quot;:{&quot;animation&quot;:&quot;yes&quot;,&quot;animation_intime&quot;:&quot;200&quot;,&quot;animation_outtime&quot;:&quot;200&quot;,&quot;conditions_ui&quot;:&quot;normal&quot;,&quot;notice_dismissed&quot;:&quot;&quot;,&quot;regex_numeric&quot;:&quot;^[0-9]+$&quot;,&quot;regex_alphabetic&quot;:&quot;^[a-zA-Z]+$&quot;,&quot;regex_alphanumeric&quot;:&quot;^[a-zA-Z0-9]+$&quot;,&quot;regex_date&quot;:&quot;^(0?[1-9]|1[012])[- .](0?[1-9]|[12][0-9]|3[01])[- \\\/.](19|20)?[0-9]{2}$&quot;,&quot;regex_email&quot;:&quot;^[a-zA-Z0-9._%-]+@[a-zA-Z0-9.-]+.[a-zA-Z]{2,4}$&quot;,&quot;regex_numeric_label&quot;:&quot;numeric&quot;,&quot;regex_alphabetic_label&quot;:&quot;alphabetic&quot;,&quot;regex_alphanumeric_label&quot;:&quot;alphanumeric&quot;,&quot;regex_date_label&quot;:&quot;date&quot;,&quot;regex_email_label&quot;:&quot;email&quot;,&quot;regex_custom_1&quot;:&quot;&quot;,&quot;regex_custom_2&quot;:&quot;&quot;,&quot;regex_custom_3&quot;:&quot;&quot;,&quot;regex_custom_4&quot;:&quot;&quot;,&quot;regex_custom_5&quot;:&quot;&quot;,&quot;regex_custom_1_label&quot;:&quot;custom 1&quot;,&quot;regex_custom_2_label&quot;:&quot;custom 2&quot;,&quot;regex_custom_3_label&quot;:&quot;custom 3&quot;,&quot;regex_custom_4_label&quot;:&quot;custom 4&quot;,&quot;regex_custom_5_label&quot;:&quot;custom 5&quot;,&quot;notice_dismissed_update-cf7-5.6.4&quot;:true}}\" \/>\n<input type=\"hidden\" name=\"_wpcf7_recaptcha_response\" value=\"\" \/>\n<\/div>\n<p>Nombre *<br \/>\n    <span class=\"wpcf7-form-control-wrap your-name\"><input type=\"text\" name=\"your-name\" value=\"\" size=\"40\" class=\"wpcf7-form-control wpcf7-text wpcf7-validates-as-required\" aria-required=\"true\" aria-invalid=\"false\" \/><\/span> <\/p>\n<p>Empresa *<br \/>\n    <span class=\"wpcf7-form-control-wrap your-company\"><input type=\"text\" name=\"your-company\" value=\"\" size=\"40\" class=\"wpcf7-form-control wpcf7-text wpcf7-validates-as-required\" aria-required=\"true\" aria-invalid=\"false\" \/><\/span> <\/p>\n<p>CIF *<br \/>\n    <span class=\"wpcf7-form-control-wrap nif-550\"><input type=\"tel\" name=\"nif-550\" value=\"\" size=\"40\" class=\"wpcf7-form-control wpcf7-text wpcf7-tel wpcf7-validates-as-required wpcf7-validates-as-tel\" aria-required=\"true\" aria-invalid=\"false\" \/><\/span> <\/p>\n<p>Email *<br \/>\n    <span class=\"wpcf7-form-control-wrap your-email\"><input type=\"email\" name=\"your-email\" value=\"\" size=\"40\" class=\"wpcf7-form-control wpcf7-text wpcf7-email wpcf7-validates-as-required wpcf7-validates-as-email\" aria-required=\"true\" aria-invalid=\"false\" \/><\/span> <\/p>\n<p>Tel\u00e9fono *<br \/>\n    <span class=\"wpcf7-form-control-wrap tel-443\"><input type=\"tel\" name=\"tel-443\" value=\"\" size=\"40\" class=\"wpcf7-form-control wpcf7-text wpcf7-tel wpcf7-validates-as-required wpcf7-validates-as-tel\" aria-required=\"true\" aria-invalid=\"false\" \/><\/span> <\/p>\n<p>C\u00f3digo postal *<br \/>\n    <span class=\"wpcf7-form-control-wrap zip-code\"><input type=\"text\" name=\"zip-code\" value=\"\" size=\"40\" class=\"wpcf7-form-control wpcf7-text wpcf7-validates-as-required\" aria-required=\"true\" aria-invalid=\"false\" \/><\/span><\/p>\n<p>Ciudad *<br \/>\n    <span class=\"wpcf7-form-control-wrap your-city\"><input type=\"text\" name=\"your-city\" value=\"\" size=\"40\" class=\"wpcf7-form-control wpcf7-text wpcf7-validates-as-required\" aria-required=\"true\" aria-invalid=\"false\" \/><\/span><\/p>\n<p>Elija un producto de la lista siguiente para recibir m\u00e1s informaci\u00f3n *<br \/>\n    <span class=\"wpcf7-form-control-wrap your-produtos\"><select name=\"your-produtos\" class=\"wpcf7-form-control wpcf7-select wpcf7-validates-as-required\" aria-required=\"true\" aria-invalid=\"false\"><option value=\"\">---<\/option><option value=\"Cajas de cart\u00f3n\">Cajas de cart\u00f3n<\/option><option value=\"Cajas de cartulina\">Cajas de cartulina<\/option><option value=\"Cajas de madera\">Cajas de madera<\/option><option value=\"Cajas de pl\u00e1stico\">Cajas de pl\u00e1stico<\/option><option value=\"Cajas para botellas\">Cajas para botellas<\/option><option value=\"Cajas postales\">Cajas postales<\/option><option value=\"Cantoneras\">Cantoneras<\/option><option value=\"cArt\u00f9\u00ae - el nuevo cart\u00f3n ondulado\">cArt\u00f9\u00ae - el nuevo cart\u00f3n ondulado<\/option><option value=\"Cintas adhesivas\">Cintas adhesivas<\/option><option value=\"Cintas flejadoras\">Cintas flejadoras<\/option><option value=\"Embalajes ecol\u00f3gicos\">Embalajes ecol\u00f3gicos<\/option><option value=\"Embalagens personalizadas\">Embalagens personalizadas<\/option><option value=\"Embalajes para alimentaci\u00f3n\">Embalajes para alimentaci\u00f3n<\/option><option value=\"Embalajes para tiendas online\">Embalajes para tiendas online<\/option><option value=\"Envases para llevar\">Envases para llevar<\/option><option value=\"Envases personalizados\">Envases personalizados<\/option><option value=\"Espumas\">Espumas<\/option><option value=\"Expositores personalizados\">Expositores personalizados<\/option><option value=\"M\u00e1quinas de embalaje\">M\u00e1quinas de embalaje<\/option><option value=\"Muebles de cart\u00f3n\">Muebles de cart\u00f3n<\/option><option value=\"NGREEN\u00ae - embalaje ecol\u00f3gico\">NGREEN\u00ae - embalaje ecol\u00f3gico<\/option><option value=\"Palets\">Palets<\/option><option value=\"Papel, cartulina y cart\u00f3n\">Papel, cartulina y cart\u00f3n<\/option><option value=\"Pl\u00e1sticos y films\">Pl\u00e1sticos y films<\/option><option value=\"Relleno y protecci\u00f3n\">Relleno y protecci\u00f3n<\/option><option value=\"Sobres y bolsas\">Sobres y bolsas<\/option><option value=\"Soluciones a medida\">Soluciones a medida<\/option><\/select><\/span><\/p>\n<p>\u00bfQu\u00e9 necesita saber sobre este producto? *<br \/>\n<span class=\"wpcf7-form-control-wrap textarea-10\"><textarea name=\"textarea-10\" cols=\"40\" rows=\"10\" class=\"wpcf7-form-control wpcf7-textarea wpcf7-validates-as-required\" aria-required=\"true\" aria-invalid=\"false\" placeholder=\"Facil\u00edtenos toda la informaci\u00f3n posible.\"><\/textarea><\/span><\/p>\n<p>Prop\u00f3sito del producto: *<br \/>\n    <span class=\"wpcf7-form-control-wrap use\"><input type=\"text\" name=\"use\" value=\"\" size=\"40\" class=\"wpcf7-form-control wpcf7-text wpcf7-validates-as-required\" aria-required=\"true\" aria-invalid=\"false\" \/><\/span><\/p>\n<p>Adjuntar foto (m\u00e1ximo 1 Mb)<br \/>\n    <span class=\"wpcf7-form-control-wrap foto\"><input type=\"file\" name=\"foto\" size=\"40\" class=\"wpcf7-form-control wpcf7-file\" accept=\".jpg,.jpeg,.png,.gif,.pdf,.doc,.docx,.ppt,.pptx,.odt,.avi,.ogg,.m4a,.mov,.mp3,.mp4,.mpg,.wav,.wmv\" aria-invalid=\"false\" \/><\/span> <\/p>\n<p><input type=\"submit\" value=\"Enviar\" class=\"wpcf7-form-control wpcf7-submit\" \/><\/p>\n<p><span class=\"wpcf7-form-control-wrap accept-this\"><span class=\"wpcf7-form-control wpcf7-checkbox wpcf7-validates-as-required\"><span class=\"wpcf7-list-item first last\"><input type=\"checkbox\" name=\"accept-this[]\" value=\"\" \/><span class=\"wpcf7-list-item-label\"><\/span><\/span><\/span><\/span> He le\u00eddo y acepto los <a href=\"https:\/\/www.joseneves.pt\/es\/terminos-y-condiciones\/\" target=\"_blank\">T\u00e9rminos y Condiciones, <a href=\"https:\/\/www.joseneves.pt\/es\/politica-de-datos\/\" target=\"_blank\">Pol\u00edtica de Datos <a href=\"https:\/\/www.joseneves.pt\/es\/codigo-de-conducta\/\" target=\"_blank\">y C\u00f3digo de Conducta<\/a>.<\/p>\n\n<p><br\/>* Campos obligat\u00f3rios<\/p>\n<div class=\"wpcf7-response-output\" aria-hidden=\"true\"><\/div><\/form><\/div>[\/vc_column][\/vc_row]<\/p>\n","protected":false},"excerpt":{"rendered":"<p>[vc_row][vc_column][vc_column_text]\u00bfQuieres informaci\u00f3n adicional sobre nuestros productos o servicios? Cu\u00e9ntanos qu\u00e9 necesitas y responderemos a tu pedido a la mayor brevedad.[\/vc_column_text][vc_empty_space<span class=\"excerpt-hellip\"> [\u2026]<\/span><\/p>\n","protected":false},"author":7,"featured_media":0,"parent":0,"menu_order":0,"comment_status":"closed","ping_status":"closed","template":"","meta":[],"categories":[],"tags":[],"yoast_head":"<!-- This site is optimized with the Yoast SEO plugin v16.9 - https:\/\/yoast.com\/wordpress\/plugins\/seo\/ -->\n<title>\u00bfNecesitas ayuda? - Jos\u00e9 Neves Embalagens<\/title>\n<meta name=\"robots\" content=\"index, follow, max-snippet:-1, max-image-preview:large, max-video-preview:-1\" \/>\n<link rel=\"canonical\" href=\"https:\/\/www.joseneves.pt\/es\/necesitas-ayuda\/\" \/>\n<meta property=\"og:locale\" content=\"es_ES\" \/>\n<meta property=\"og:type\" content=\"article\" \/>\n<meta property=\"og:title\" content=\"\u00bfNecesitas ayuda? - Jos\u00e9 Neves Embalagens\" \/>\n<meta property=\"og:description\" content=\"[vc_row][vc_column][vc_column_text]\u00bfQuieres informaci\u00f3n adicional sobre nuestros productos o servicios? Cu\u00e9ntanos qu\u00e9 necesitas y responderemos a tu pedido a la mayor brevedad.[\/vc_column_text][vc_empty_space [\u2026]\" \/>\n<meta property=\"og:url\" content=\"https:\/\/www.joseneves.pt\/es\/necesitas-ayuda\/\" \/>\n<meta property=\"og:site_name\" content=\"Jos\u00e9 Neves Embalagens\" \/>\n<meta property=\"article:modified_time\" content=\"2023-01-03T18:43:19+00:00\" \/>\n<meta name=\"twitter:card\" content=\"summary\" \/>\n<meta name=\"twitter:label1\" content=\"Tiempo de lectura\" \/>\n\t<meta name=\"twitter:data1\" content=\"1 minuto\" \/>\n<script type=\"application\/ld+json\" class=\"yoast-schema-graph\">{\"@context\":\"https:\/\/schema.org\",\"@graph\":[{\"@type\":\"Organization\",\"@id\":\"https:\/\/www.joseneves.pt\/#organization\",\"name\":\"Jos\\u00e9 Neves\",\"url\":\"https:\/\/www.joseneves.pt\/\",\"sameAs\":[],\"logo\":{\"@type\":\"ImageObject\",\"@id\":\"https:\/\/www.joseneves.pt\/#logo\",\"inLanguage\":\"es\",\"url\":\"https:\/\/www.joseneves.pt\/wp-content\/uploads\/2017\/04\/logotipo-34-1.png\",\"contentUrl\":\"https:\/\/www.joseneves.pt\/wp-content\/uploads\/2017\/04\/logotipo-34-1.png\",\"width\":192,\"height\":50,\"caption\":\"Jos\\u00e9 Neves\"},\"image\":{\"@id\":\"https:\/\/www.joseneves.pt\/#logo\"}},{\"@type\":\"WebSite\",\"@id\":\"https:\/\/www.joseneves.pt\/#website\",\"url\":\"https:\/\/www.joseneves.pt\/\",\"name\":\"Jos\\u00e9 Neves Embalagens\",\"description\":\"Embalagens, embalagem por medida, embalagens ecol\\u00f3gicas, caixas, cantoneiras, papel diverso, fitas adesivas, pl\\u00e1sticos, m\\u00e1quinas e equipamentos para embalagem.\",\"publisher\":{\"@id\":\"https:\/\/www.joseneves.pt\/#organization\"},\"potentialAction\":[{\"@type\":\"SearchAction\",\"target\":{\"@type\":\"EntryPoint\",\"urlTemplate\":\"https:\/\/www.joseneves.pt\/?s={search_term_string}\"},\"query-input\":\"required name=search_term_string\"}],\"inLanguage\":\"es\"},{\"@type\":\"WebPage\",\"@id\":\"https:\/\/www.joseneves.pt\/es\/necesitas-ayuda\/#webpage\",\"url\":\"https:\/\/www.joseneves.pt\/es\/necesitas-ayuda\/\",\"name\":\"\\u00bfNecesitas ayuda? - Jos\\u00e9 Neves Embalagens\",\"isPartOf\":{\"@id\":\"https:\/\/www.joseneves.pt\/#website\"},\"datePublished\":\"2017-02-07T11:49:46+00:00\",\"dateModified\":\"2023-01-03T18:43:19+00:00\",\"breadcrumb\":{\"@id\":\"https:\/\/www.joseneves.pt\/es\/necesitas-ayuda\/#breadcrumb\"},\"inLanguage\":\"es\",\"potentialAction\":[{\"@type\":\"ReadAction\",\"target\":[\"https:\/\/www.joseneves.pt\/es\/necesitas-ayuda\/\"]}]},{\"@type\":\"BreadcrumbList\",\"@id\":\"https:\/\/www.joseneves.pt\/es\/necesitas-ayuda\/#breadcrumb\",\"itemListElement\":[{\"@type\":\"ListItem\",\"position\":1,\"name\":\"In\\u00edcio\",\"item\":\"https:\/\/www.joseneves.pt\/es\/\"},{\"@type\":\"ListItem\",\"position\":2,\"name\":\"\\u00bfNecesitas ayuda?\"}]}]}<\/script>\n<!-- \/ Yoast SEO plugin. -->","yoast_head_json":{"title":"\u00bfNecesitas ayuda? - Jos\u00e9 Neves Embalagens","robots":{"index":"index","follow":"follow","max-snippet":"max-snippet:-1","max-image-preview":"max-image-preview:large","max-video-preview":"max-video-preview:-1"},"canonical":"https:\/\/www.joseneves.pt\/es\/necesitas-ayuda\/","og_locale":"es_ES","og_type":"article","og_title":"\u00bfNecesitas ayuda? - Jos\u00e9 Neves Embalagens","og_description":"[vc_row][vc_column][vc_column_text]\u00bfQuieres informaci\u00f3n adicional sobre nuestros productos o servicios? Cu\u00e9ntanos qu\u00e9 necesitas y responderemos a tu pedido a la mayor brevedad.[\/vc_column_text][vc_empty_space [\u2026]","og_url":"https:\/\/www.joseneves.pt\/es\/necesitas-ayuda\/","og_site_name":"Jos\u00e9 Neves Embalagens","article_modified_time":"2023-01-03T18:43:19+00:00","twitter_card":"summary","twitter_misc":{"Tiempo de lectura":"1 minuto"},"schema":{"@context":"https:\/\/schema.org","@graph":[{"@type":"Organization","@id":"https:\/\/www.joseneves.pt\/#organization","name":"Jos\u00e9 Neves","url":"https:\/\/www.joseneves.pt\/","sameAs":[],"logo":{"@type":"ImageObject","@id":"https:\/\/www.joseneves.pt\/#logo","inLanguage":"es","url":"https:\/\/www.joseneves.pt\/wp-content\/uploads\/2017\/04\/logotipo-34-1.png","contentUrl":"https:\/\/www.joseneves.pt\/wp-content\/uploads\/2017\/04\/logotipo-34-1.png","width":192,"height":50,"caption":"Jos\u00e9 Neves"},"image":{"@id":"https:\/\/www.joseneves.pt\/#logo"}},{"@type":"WebSite","@id":"https:\/\/www.joseneves.pt\/#website","url":"https:\/\/www.joseneves.pt\/","name":"Jos\u00e9 Neves Embalagens","description":"Embalagens, embalagem por medida, embalagens ecol\u00f3gicas, caixas, cantoneiras, papel diverso, fitas adesivas, pl\u00e1sticos, m\u00e1quinas e equipamentos para embalagem.","publisher":{"@id":"https:\/\/www.joseneves.pt\/#organization"},"potentialAction":[{"@type":"SearchAction","target":{"@type":"EntryPoint","urlTemplate":"https:\/\/www.joseneves.pt\/?s={search_term_string}"},"query-input":"required name=search_term_string"}],"inLanguage":"es"},{"@type":"WebPage","@id":"https:\/\/www.joseneves.pt\/es\/necesitas-ayuda\/#webpage","url":"https:\/\/www.joseneves.pt\/es\/necesitas-ayuda\/","name":"\u00bfNecesitas ayuda? - Jos\u00e9 Neves Embalagens","isPartOf":{"@id":"https:\/\/www.joseneves.pt\/#website"},"datePublished":"2017-02-07T11:49:46+00:00","dateModified":"2023-01-03T18:43:19+00:00","breadcrumb":{"@id":"https:\/\/www.joseneves.pt\/es\/necesitas-ayuda\/#breadcrumb"},"inLanguage":"es","potentialAction":[{"@type":"ReadAction","target":["https:\/\/www.joseneves.pt\/es\/necesitas-ayuda\/"]}]},{"@type":"BreadcrumbList","@id":"https:\/\/www.joseneves.pt\/es\/necesitas-ayuda\/#breadcrumb","itemListElement":[{"@type":"ListItem","position":1,"name":"In\u00edcio","item":"https:\/\/www.joseneves.pt\/es\/"},{"@type":"ListItem","position":2,"name":"\u00bfNecesitas ayuda?"}]}]}},"_links":{"self":[{"href":"https:\/\/www.joseneves.pt\/es\/wp-json\/wp\/v2\/pages\/1762"}],"collection":[{"href":"https:\/\/www.joseneves.pt\/es\/wp-json\/wp\/v2\/pages"}],"about":[{"href":"https:\/\/www.joseneves.pt\/es\/wp-json\/wp\/v2\/types\/page"}],"author":[{"embeddable":true,"href":"https:\/\/www.joseneves.pt\/es\/wp-json\/wp\/v2\/users\/7"}],"replies":[{"embeddable":true,"href":"https:\/\/www.joseneves.pt\/es\/wp-json\/wp\/v2\/comments?post=1762"}],"version-history":[{"count":8,"href":"https:\/\/www.joseneves.pt\/es\/wp-json\/wp\/v2\/pages\/1762\/revisions"}],"predecessor-version":[{"id":8010,"href":"https:\/\/www.joseneves.pt\/es\/wp-json\/wp\/v2\/pages\/1762\/revisions\/8010"}],"wp:attachment":[{"href":"https:\/\/www.joseneves.pt\/es\/wp-json\/wp\/v2\/media?parent=1762"}],"wp:term":[{"taxonomy":"category","embeddable":true,"href":"https:\/\/www.joseneves.pt\/es\/wp-json\/wp\/v2\/categories?post=1762"},{"taxonomy":"post_tag","embeddable":true,"href":"https:\/\/www.joseneves.pt\/es\/wp-json\/wp\/v2\/tags?post=1762"}],"curies":[{"name":"wp","href":"https:\/\/api.w.org\/{rel}","templated":true}]}}