

{"id":8983,"date":"2026-02-16T12:54:53","date_gmt":"2026-02-16T12:54:53","guid":{"rendered":"https:\/\/www.joseneves.pt\/?page_id=8983"},"modified":"2026-02-16T12:54:54","modified_gmt":"2026-02-16T12:54:54","slug":"customer-support-2","status":"publish","type":"page","link":"https:\/\/www.joseneves.pt\/en\/customer-support-2\/","title":{"rendered":"Customer Support"},"content":{"rendered":"<p>[vc_row][vc_column]<div class=\"fancy_heading fancy_heading_line\"><h2 class=\"title\">Professional advice<\/h2><div class=\"inside\"><span style=\"color: #32323a; font-size: 15px; font-weight: bold;\">Not yet a customer? Do you need effective packaging solutions to protect, store or transport your products?<\/span><\/p>\n<p><span style=\"color: #32323a; font-size: 15px;\">Find out how our team of packaging experts can help your business grow.<\/span><\/div><\/div>\n[vc_empty_space height=&#8221;80px&#8221;][\/vc_column][\/vc_row][vc_row][vc_column]<div class=\"fancy_heading fancy_heading_line\"><h2 class=\"title\">Our Packaging Specialists:<\/h2><\/div>\n[vc_row_inner][vc_column_inner width=&#8221;1\/3&#8243;]<div class=\"team team_vertical\"><div class=\"image_frame photo no_link scale-with-grid\"><div class=\"image_wrapper\"><img class=\"scale-with-grid\" src=\"https:\/\/www.joseneves.pt\/wp-content\/uploads\/2024\/01\/andreia-praia-jose-neves-embalagens-2.png\" alt=\"andreia praia equipa comercial jos\u00e9 neves embalagens\" width=\"150\" height=\"150\"\/><\/div><\/div><div class=\"desc_wrapper\"><h4>Andreia Praia<\/h4><hr class=\"hr_color\" \/><div class=\"desc\"><\/div><\/div><\/div>\n[vc_column_text]<\/p>\n<p style=\"text-align: left;\">Tel. +351 911 967 937<br \/>\nE-mail: <a href=\"mailto:praia.andreia@joseneves.pt\">praia.andreia@joseneves.pt<\/a><\/p>\n<p><strong>Geographical area:<\/strong><br \/>\n\u00bb Districts: Castelo Branco, Guarda, Leiria, Portalegre and Santar\u00e9m.[\/vc_column_text][vc_empty_space height=&#8221;30px&#8221;][\/vc_column_inner][vc_column_inner width=&#8221;1\/3&#8243;]<div class=\"team team_vertical\"><div class=\"image_frame photo no_link scale-with-grid\"><div class=\"image_wrapper\"><img class=\"scale-with-grid\" src=\"https:\/\/www.joseneves.pt\/wp-content\/uploads\/2024\/10\/claudia-cunha-jose-neves-embalagens.png\" alt=\"Cl\u00e1udia Cunha jose neves embalagens\" width=\"150\" height=\"150\"\/><\/div><\/div><div class=\"desc_wrapper\"><h4>Cl\u00e1udia Cunha<\/h4><hr class=\"hr_color\" \/><div class=\"desc\"><\/div><\/div><\/div>\n[vc_column_text]<\/p>\n<p style=\"text-align: left;\">Tel. +351 967 975 875<br \/>\nE-mail: <a href=\"mailto:claudia.cunha@joseneves.pt\">claudia.cunha@joseneves.pt<\/a><\/p>\n<p><strong>Geographical area:<\/strong><br \/>\n\u00bb District of Braga: all municipalities except Amares, Braga, Barcelos, Esposende, Vila Nova de Famalic\u00e3o and Vila Verde;<br \/>\n\u00bb Districts: Bragan\u00e7a and Vila Real;<br \/>\n\u00bb Islands (Azores and Madeira).[\/vc_column_text][vc_empty_space height=&#8221;30px&#8221;][\/vc_column_inner][vc_column_inner width=&#8221;1\/3&#8243;]<div class=\"team team_vertical\"><div class=\"image_frame photo no_link scale-with-grid\"><div class=\"image_wrapper\"><img class=\"scale-with-grid\" src=\"https:\/\/www.joseneves.pt\/wp-content\/uploads\/2024\/10\/conceicai-azevedo-jose-neves-embalagens.png\" alt=\"Concei\u00e7\u00e3o Azevedo Jos\u00e9 Neves Embalagens\" width=\"150\" height=\"150\"\/><\/div><\/div><div class=\"desc_wrapper\"><h4>Concei\u00e7\u00e3o Azevedo<\/h4><hr class=\"hr_color\" \/><div class=\"desc\"><\/div><\/div><\/div>\n[vc_column_text]<\/p>\n<p style=\"text-align: left;\">Tel. +351 939 028 061<br \/>\nE-mail: <a href=\"mailto:conceicao.azevedo@joseneves.pt\">conceicao.azevedo@joseneves.pt<\/a><\/p>\n<p><strong>Geographical area:<\/strong><br \/>\n\u00bb District of Oporto: all municipalities except Amarante, Felgueiras, Lousada, Pa\u00e7os de Ferreira, Paredes, Penafiel and Santo Tirso;<br \/>\n\u00bb District of Viseu.[\/vc_column_text][vc_empty_space height=&#8221;30px&#8221;][\/vc_column_inner][\/vc_row_inner][vc_row_inner][vc_column_inner width=&#8221;1\/3&#8243;]<div class=\"team team_vertical\"><div class=\"image_frame photo no_link scale-with-grid\"><div class=\"image_wrapper\"><img class=\"scale-with-grid\" src=\"https:\/\/www.joseneves.pt\/wp-content\/uploads\/2025\/02\/filipa-freitas-jose-neves-embalagens.png\" alt=\"filipa freitas jose neves embalagens\" width=\"150\" height=\"150\"\/><\/div><\/div><div class=\"desc_wrapper\"><h4>Filipa Freitas<\/h4><hr class=\"hr_color\" \/><div class=\"desc\"><\/div><\/div><\/div>\n[vc_column_text]<\/p>\n<p style=\"text-align: left;\">Tel. +351 911 805\u00a0358<br \/>\nE-mail: <a href=\"mailto:filipa.freitas@joseneves.pt\">filipa.freitas@joseneves.pt<\/a><\/p>\n<p><strong>Geographical area:<\/strong><br \/>\n\u00bb District of Oporto: Amarante, Felgueiras, Lousada, Pa\u00e7os de Ferreira, Paredes, Penafiel and Santo Tirso;<br \/>\n\u00bb District of Braga: Vila Nova de Famalic\u00e3o.[\/vc_column_text][vc_empty_space height=&#8221;30px&#8221;][\/vc_column_inner][vc_column_inner width=&#8221;1\/3&#8243;]<div class=\"team team_vertical\"><div class=\"image_frame photo no_link scale-with-grid\"><div class=\"image_wrapper\"><img class=\"scale-with-grid\" src=\"https:\/\/www.joseneves.pt\/wp-content\/uploads\/2021\/09\/jorge-aguiar-jose-neves-embalagens.jpg\" alt=\"jose neves embalagens\" width=\"150\" height=\"150\"\/><\/div><\/div><div class=\"desc_wrapper\"><h4>Jorge Aguiar<\/h4><hr class=\"hr_color\" \/><div class=\"desc\"><\/div><\/div><\/div>\n[vc_column_text]<\/p>\n<p style=\"text-align: left;\">Tel. +351 915 427 398<br \/>\nE-mail: <a href=\"mailto:jorge.aguiar@joseneves.pt\">jorge.aguiar@joseneves.pt<\/a><\/p>\n<p><strong>Geographical area:<\/strong><br \/>\n\u00bb District of Braga: Amares, Braga, Barcelos, Esposende and Vila Verde;<br \/>\n\u00bb District of Viana do Castelo;<br \/>\n\u00bb Spain (Galiza).[\/vc_column_text][vc_empty_space height=&#8221;30px&#8221;][\/vc_column_inner][vc_column_inner width=&#8221;1\/3&#8243;]<div class=\"team team_vertical\"><div class=\"image_frame photo no_link scale-with-grid\"><div class=\"image_wrapper\"><img class=\"scale-with-grid\" src=\"https:\/\/www.joseneves.pt\/wp-content\/uploads\/2021\/09\/paulo-marques-jose-neves-embalagens.jpg\" alt=\"paulo marques jose neves embalagens\" width=\"150\" height=\"150\"\/><\/div><\/div><div class=\"desc_wrapper\"><h4>Paulo Marques<\/h4><hr class=\"hr_color\" \/><div class=\"desc\"><\/div><\/div><\/div>\n[vc_column_text]<\/p>\n<p style=\"text-align: left;\">Tel. +351 925 100 616<br \/>\nE-mail: <a href=\"mailto:paulo.marques@joseneves.pt\">paulo.marques@joseneves.pt<\/a><\/p>\n<p><strong>Geographical area:<\/strong><br \/>\n\u00bb Districts: Beja, \u00c9vora, Faro, Lisbon and Set\u00fabal.[\/vc_column_text][vc_empty_space height=&#8221;30px&#8221;][\/vc_column_inner][\/vc_row_inner][vc_row_inner][vc_column_inner width=&#8221;1\/3&#8243;]<div class=\"team team_vertical\"><div class=\"image_frame photo no_link scale-with-grid\"><div class=\"image_wrapper\"><img class=\"scale-with-grid\" src=\"https:\/\/www.joseneves.pt\/wp-content\/uploads\/2024\/10\/rosana-coutinho-jose-neves-embalagens.png\" alt=\"rosana coutinho jos\u00e9 neves embalagens\" width=\"150\" height=\"150\"\/><\/div><\/div><div class=\"desc_wrapper\"><h4>Rosana Coutinho<\/h4><hr class=\"hr_color\" \/><div class=\"desc\"><\/div><\/div><\/div>\n[vc_column_text]Tel. +351 915 679 320<br \/>\nE-mail: <a href=\"mailto:coutinho.rosana@joseneves.pt\">coutinho.rosana@joseneves.pt<\/a><\/p>\n<p><strong>Geographical area:<\/strong><br \/>\n\u00bb Districts: Aveiro and Coimbra.[\/vc_column_text][vc_empty_space height=&#8221;30px&#8221;][\/vc_column_inner][vc_column_inner width=&#8221;1\/3&#8243;][vc_empty_space height=&#8221;30px&#8221;][\/vc_column_inner][vc_column_inner width=&#8221;1\/3&#8243;][vc_empty_space height=&#8221;30px&#8221;][\/vc_column_inner][\/vc_row_inner][vc_empty_space height=&#8221;30px&#8221;][\/vc_column][\/vc_row][vc_row][vc_column]<div class=\"fancy_heading fancy_heading_line\"><h2 class=\"title\">Customer Service:<\/h2><\/div>\n[vc_row_inner][vc_column_inner width=&#8221;1\/3&#8243;]<div class=\"team team_vertical\"><div class=\"image_frame photo no_link scale-with-grid\"><div class=\"image_wrapper\"><img class=\"scale-with-grid\" src=\"https:\/\/www.joseneves.pt\/wp-content\/uploads\/2024\/10\/claudia-sousa-jose-neves-embalagens.png\" alt=\"Cl\u00e1udia Sousa Jos\u00e9 Neves Embalagens\" width=\"150\" height=\"150\"\/><\/div><\/div><div class=\"desc_wrapper\"><h4>Cla\u00fadia Sousa<\/h4><p class=\"subtitle\">Assistant of Cl\u00e1udia Cunha and Filipa Freitas<\/p><hr class=\"hr_color\" \/><div class=\"desc\"><\/div><\/div><\/div>\n[vc_column_text]<\/p>\n<p style=\"text-align: left;\">Tel. +351 911 805 357<br \/>\nE-mail: <a href=\"mailto:claudia.sousa@joseneves.pt\">claudia.sousa@joseneves.pt<\/a><\/p>\n<p>[\/vc_column_text][vc_empty_space height=&#8221;30px&#8221;][\/vc_column_inner][vc_column_inner width=&#8221;1\/3&#8243;]<div class=\"team team_vertical\"><div class=\"image_frame photo no_link scale-with-grid\"><div class=\"image_wrapper\"><img class=\"scale-with-grid\" src=\"https:\/\/www.joseneves.pt\/wp-content\/uploads\/2026\/01\/diana-loureiro-jose-neves-embalagens.png\" alt=\"diana loureiro jose neves embalagens\" width=\"150\" height=\"150\"\/><\/div><\/div><div class=\"desc_wrapper\"><h4>Diana Loureiro<\/h4><p class=\"subtitle\">Assistant of Concei\u00e7\u00e3o Azevedo<\/p><hr class=\"hr_color\" \/><div class=\"desc\"><\/div><\/div><\/div>\n[vc_column_text]<\/p>\n<p style=\"text-align: left;\">Tel. +351 910 180 585<br \/>\nE-mail: <a href=\"mailto:diana.loureiro@joseneves.pt\">diana.loureiro@joseneves.pt<\/a><\/p>\n<p>[\/vc_column_text][vc_empty_space height=&#8221;30px&#8221;][\/vc_column_inner][vc_column_inner width=&#8221;1\/3&#8243;]<div class=\"team team_vertical\"><div class=\"image_frame photo no_link scale-with-grid\"><div class=\"image_wrapper\"><img class=\"scale-with-grid\" src=\"https:\/\/www.joseneves.pt\/wp-content\/uploads\/2025\/08\/gisela-martins-jose-neves-embalagens.png\" alt=\"Gisela Martins Apoio ao Cliente Jos\u00e9 Neves\" width=\"150\" height=\"150\"\/><\/div><\/div><div class=\"desc_wrapper\"><h4>Gisela Martins<\/h4><p class=\"subtitle\">Assistant of Andreia Praia, Jorge Aguiar, Paulo Marques and Rosana Coutinho<\/p><hr class=\"hr_color\" \/><div class=\"desc\"><\/div><\/div><\/div>\n[vc_column_text]<\/p>\n<p style=\"text-align: left;\">Tel. +351 911 805 519<br \/>\nE-mail: <a href=\"mailto:gisela.martins@joseneves.pt\">gisela.martins@joseneves.pt<\/a><\/p>\n<p>[\/vc_column_text][vc_empty_space height=&#8221;30px&#8221;][\/vc_column_inner][\/vc_row_inner][\/vc_column][\/vc_row]<\/p>\n","protected":false},"excerpt":{"rendered":"<p>[vc_row][vc_column][vc_empty_space height=&#8221;80px&#8221;][\/vc_column][\/vc_row][vc_row][vc_column][vc_row_inner][vc_column_inner width=&#8221;1\/3&#8243;][vc_column_text] Tel. +351 911 967 937 E-mail: praia.andreia@joseneves.pt Geographical area: \u00bb Districts: Castelo Branco, Guarda, Leiria, Portalegre and<span class=\"excerpt-hellip\"> [\u2026]<\/span><\/p>\n","protected":false},"author":7,"featured_media":0,"parent":0,"menu_order":0,"comment_status":"closed","ping_status":"closed","template":"","meta":[],"categories":[],"tags":[],"yoast_head":"<!-- This site is optimized with the Yoast SEO plugin v16.9 - https:\/\/yoast.com\/wordpress\/plugins\/seo\/ -->\n<title>Customer Support - Jos\u00e9 Neves Embalagens<\/title>\n<meta name=\"robots\" content=\"index, follow, max-snippet:-1, max-image-preview:large, max-video-preview:-1\" \/>\n<link rel=\"canonical\" href=\"https:\/\/www.joseneves.pt\/en\/customer-support-2\/\" \/>\n<meta property=\"og:locale\" content=\"en_US\" \/>\n<meta property=\"og:type\" content=\"article\" \/>\n<meta property=\"og:title\" content=\"Customer Support - Jos\u00e9 Neves Embalagens\" \/>\n<meta property=\"og:description\" content=\"[vc_row][vc_column][vc_empty_space height=&#8221;80px&#8221;][\/vc_column][\/vc_row][vc_row][vc_column][vc_row_inner][vc_column_inner width=&#8221;1\/3&#8243;][vc_column_text] Tel. +351 911 967 937 E-mail: praia.andreia@joseneves.pt Geographical area: \u00bb Districts: Castelo Branco, Guarda, Leiria, Portalegre and [\u2026]\" \/>\n<meta property=\"og:url\" content=\"https:\/\/www.joseneves.pt\/en\/customer-support-2\/\" \/>\n<meta property=\"og:site_name\" content=\"Jos\u00e9 Neves Embalagens\" \/>\n<meta property=\"article:modified_time\" content=\"2026-02-16T12:54:54+00:00\" \/>\n<meta name=\"twitter:card\" content=\"summary\" \/>\n<meta name=\"twitter:label1\" content=\"Est. reading time\" \/>\n\t<meta name=\"twitter:data1\" content=\"2 minutes\" \/>\n<script type=\"application\/ld+json\" class=\"yoast-schema-graph\">{\"@context\":\"https:\/\/schema.org\",\"@graph\":[{\"@type\":\"Organization\",\"@id\":\"https:\/\/www.joseneves.pt\/#organization\",\"name\":\"Jos\\u00e9 Neves\",\"url\":\"https:\/\/www.joseneves.pt\/\",\"sameAs\":[],\"logo\":{\"@type\":\"ImageObject\",\"@id\":\"https:\/\/www.joseneves.pt\/#logo\",\"inLanguage\":\"en-US\",\"url\":\"https:\/\/www.joseneves.pt\/wp-content\/uploads\/2017\/04\/logotipo-34-1.png\",\"contentUrl\":\"https:\/\/www.joseneves.pt\/wp-content\/uploads\/2017\/04\/logotipo-34-1.png\",\"width\":192,\"height\":50,\"caption\":\"Jos\\u00e9 Neves\"},\"image\":{\"@id\":\"https:\/\/www.joseneves.pt\/#logo\"}},{\"@type\":\"WebSite\",\"@id\":\"https:\/\/www.joseneves.pt\/#website\",\"url\":\"https:\/\/www.joseneves.pt\/\",\"name\":\"Jos\\u00e9 Neves Embalagens\",\"description\":\"Embalagens, embalagem por medida, embalagens ecol\\u00f3gicas, caixas, cantoneiras, papel diverso, fitas adesivas, pl\\u00e1sticos, m\\u00e1quinas e equipamentos para embalagem.\",\"publisher\":{\"@id\":\"https:\/\/www.joseneves.pt\/#organization\"},\"potentialAction\":[{\"@type\":\"SearchAction\",\"target\":{\"@type\":\"EntryPoint\",\"urlTemplate\":\"https:\/\/www.joseneves.pt\/?s={search_term_string}\"},\"query-input\":\"required name=search_term_string\"}],\"inLanguage\":\"en-US\"},{\"@type\":\"WebPage\",\"@id\":\"https:\/\/www.joseneves.pt\/en\/customer-support-2\/#webpage\",\"url\":\"https:\/\/www.joseneves.pt\/en\/customer-support-2\/\",\"name\":\"Customer Support - Jos\\u00e9 Neves Embalagens\",\"isPartOf\":{\"@id\":\"https:\/\/www.joseneves.pt\/#website\"},\"datePublished\":\"2026-02-16T12:54:53+00:00\",\"dateModified\":\"2026-02-16T12:54:54+00:00\",\"breadcrumb\":{\"@id\":\"https:\/\/www.joseneves.pt\/en\/customer-support-2\/#breadcrumb\"},\"inLanguage\":\"en-US\",\"potentialAction\":[{\"@type\":\"ReadAction\",\"target\":[\"https:\/\/www.joseneves.pt\/en\/customer-support-2\/\"]}]},{\"@type\":\"BreadcrumbList\",\"@id\":\"https:\/\/www.joseneves.pt\/en\/customer-support-2\/#breadcrumb\",\"itemListElement\":[{\"@type\":\"ListItem\",\"position\":1,\"name\":\"In\\u00edcio\",\"item\":\"https:\/\/www.joseneves.pt\/en\/\"},{\"@type\":\"ListItem\",\"position\":2,\"name\":\"Customer Support\"}]}]}<\/script>\n<!-- \/ Yoast SEO plugin. -->","yoast_head_json":{"title":"Customer Support - Jos\u00e9 Neves Embalagens","robots":{"index":"index","follow":"follow","max-snippet":"max-snippet:-1","max-image-preview":"max-image-preview:large","max-video-preview":"max-video-preview:-1"},"canonical":"https:\/\/www.joseneves.pt\/en\/customer-support-2\/","og_locale":"en_US","og_type":"article","og_title":"Customer Support - Jos\u00e9 Neves Embalagens","og_description":"[vc_row][vc_column][vc_empty_space height=&#8221;80px&#8221;][\/vc_column][\/vc_row][vc_row][vc_column][vc_row_inner][vc_column_inner width=&#8221;1\/3&#8243;][vc_column_text] Tel. +351 911 967 937 E-mail: praia.andreia@joseneves.pt Geographical area: \u00bb Districts: Castelo Branco, Guarda, Leiria, Portalegre and [\u2026]","og_url":"https:\/\/www.joseneves.pt\/en\/customer-support-2\/","og_site_name":"Jos\u00e9 Neves Embalagens","article_modified_time":"2026-02-16T12:54:54+00:00","twitter_card":"summary","twitter_misc":{"Est. reading time":"2 minutes"},"schema":{"@context":"https:\/\/schema.org","@graph":[{"@type":"Organization","@id":"https:\/\/www.joseneves.pt\/#organization","name":"Jos\u00e9 Neves","url":"https:\/\/www.joseneves.pt\/","sameAs":[],"logo":{"@type":"ImageObject","@id":"https:\/\/www.joseneves.pt\/#logo","inLanguage":"en-US","url":"https:\/\/www.joseneves.pt\/wp-content\/uploads\/2017\/04\/logotipo-34-1.png","contentUrl":"https:\/\/www.joseneves.pt\/wp-content\/uploads\/2017\/04\/logotipo-34-1.png","width":192,"height":50,"caption":"Jos\u00e9 Neves"},"image":{"@id":"https:\/\/www.joseneves.pt\/#logo"}},{"@type":"WebSite","@id":"https:\/\/www.joseneves.pt\/#website","url":"https:\/\/www.joseneves.pt\/","name":"Jos\u00e9 Neves Embalagens","description":"Embalagens, embalagem por medida, embalagens ecol\u00f3gicas, caixas, cantoneiras, papel diverso, fitas adesivas, pl\u00e1sticos, m\u00e1quinas e equipamentos para embalagem.","publisher":{"@id":"https:\/\/www.joseneves.pt\/#organization"},"potentialAction":[{"@type":"SearchAction","target":{"@type":"EntryPoint","urlTemplate":"https:\/\/www.joseneves.pt\/?s={search_term_string}"},"query-input":"required name=search_term_string"}],"inLanguage":"en-US"},{"@type":"WebPage","@id":"https:\/\/www.joseneves.pt\/en\/customer-support-2\/#webpage","url":"https:\/\/www.joseneves.pt\/en\/customer-support-2\/","name":"Customer Support - Jos\u00e9 Neves Embalagens","isPartOf":{"@id":"https:\/\/www.joseneves.pt\/#website"},"datePublished":"2026-02-16T12:54:53+00:00","dateModified":"2026-02-16T12:54:54+00:00","breadcrumb":{"@id":"https:\/\/www.joseneves.pt\/en\/customer-support-2\/#breadcrumb"},"inLanguage":"en-US","potentialAction":[{"@type":"ReadAction","target":["https:\/\/www.joseneves.pt\/en\/customer-support-2\/"]}]},{"@type":"BreadcrumbList","@id":"https:\/\/www.joseneves.pt\/en\/customer-support-2\/#breadcrumb","itemListElement":[{"@type":"ListItem","position":1,"name":"In\u00edcio","item":"https:\/\/www.joseneves.pt\/en\/"},{"@type":"ListItem","position":2,"name":"Customer Support"}]}]}},"_links":{"self":[{"href":"https:\/\/www.joseneves.pt\/en\/wp-json\/wp\/v2\/pages\/8983"}],"collection":[{"href":"https:\/\/www.joseneves.pt\/en\/wp-json\/wp\/v2\/pages"}],"about":[{"href":"https:\/\/www.joseneves.pt\/en\/wp-json\/wp\/v2\/types\/page"}],"author":[{"embeddable":true,"href":"https:\/\/www.joseneves.pt\/en\/wp-json\/wp\/v2\/users\/7"}],"replies":[{"embeddable":true,"href":"https:\/\/www.joseneves.pt\/en\/wp-json\/wp\/v2\/comments?post=8983"}],"version-history":[{"count":2,"href":"https:\/\/www.joseneves.pt\/en\/wp-json\/wp\/v2\/pages\/8983\/revisions"}],"predecessor-version":[{"id":9075,"href":"https:\/\/www.joseneves.pt\/en\/wp-json\/wp\/v2\/pages\/8983\/revisions\/9075"}],"wp:attachment":[{"href":"https:\/\/www.joseneves.pt\/en\/wp-json\/wp\/v2\/media?parent=8983"}],"wp:term":[{"taxonomy":"category","embeddable":true,"href":"https:\/\/www.joseneves.pt\/en\/wp-json\/wp\/v2\/categories?post=8983"},{"taxonomy":"post_tag","embeddable":true,"href":"https:\/\/www.joseneves.pt\/en\/wp-json\/wp\/v2\/tags?post=8983"}],"curies":[{"name":"wp","href":"https:\/\/api.w.org\/{rel}","templated":true}]}}