

{"id":8741,"date":"2024-10-18T18:51:52","date_gmt":"2024-10-18T17:51:52","guid":{"rendered":"https:\/\/www.joseneves.pt\/?page_id=8741"},"modified":"2026-02-16T16:12:36","modified_gmt":"2026-02-16T16:12:36","slug":"contacts","status":"publish","type":"page","link":"https:\/\/www.joseneves.pt\/en\/customer-support-2\/contacts\/","title":{"rendered":"Other Contacts"},"content":{"rendered":"<p>[vc_row][vc_column]<div class=\"fancy_heading fancy_heading_line\"><h2 class=\"title\">Customer Support<\/h2><\/div>\n[vc_row_inner][vc_column_inner width=&#8221;1\/2&#8243;][vc_column_text]If you are already our customer and need help with a specific issue, click here:[\/vc_column_text][vc_btn title=&#8221;CUSTOMER SUPPORT&#8221; shape=&#8221;square&#8221; color=&#8221;primary&#8221; size=&#8221;xs&#8221; align=&#8221;left&#8221; link=&#8221;url:https%3A%2F%2Fwww.joseneves.pt%2Fen%2Fcontacts%2Fcustomer-support-2%2F|||&#8221;][vc_empty_space height=&#8221;30px&#8221;][vc_column_text]For additional information about products or services, click here:[\/vc_column_text][vc_btn title=&#8221;INFORMATION&#8221; shape=&#8221;square&#8221; color=&#8221;primary&#8221; size=&#8221;xs&#8221; align=&#8221;left&#8221; link=&#8221;url:mailto%3Adep.comercial%40joseneves.pt||target:%20_blank|&#8221;][vc_empty_space height=&#8221;30px&#8221;][\/vc_column_inner][vc_column_inner width=&#8221;1\/2&#8243;][vc_column_text]To book a meeting and know more about our products and services, click here:[\/vc_column_text][vc_btn title=&#8221;BOOK A MEETING&#8221; shape=&#8221;square&#8221; color=&#8221;primary&#8221; size=&#8221;xs&#8221; align=&#8221;left&#8221; link=&#8221;url:https%3A%2F%2Fwww.joseneves.pt%2Fen%2Fbook-a-meeting%2F|||&#8221;][vc_empty_space height=&#8221;30px&#8221;][vc_column_text]To receive a quote for products or services, click here:[\/vc_column_text][vc_btn title=&#8221;PRICES&#8221; shape=&#8221;square&#8221; color=&#8221;primary&#8221; size=&#8221;xs&#8221; align=&#8221;left&#8221; link=&#8221;url:mailto%3Aisabel%40joseneves.pt||target:%20_blank|&#8221;][vc_empty_space height=&#8221;30px&#8221;][\/vc_column_inner][\/vc_row_inner][\/vc_column][\/vc_row][vc_row][vc_column]<div class=\"fancy_heading fancy_heading_line\"><h2 class=\"title\">Other Contacts<\/h2><\/div>\n[vc_row_inner][vc_column_inner width=&#8221;1\/2&#8243;][vc_column_text]<strong>Finance &amp; Human Resources<\/strong><br \/>\nP. +351 253 479 056<br \/>\nE-mail: <a href=\"mailto:contabilidade@joseneves.pt\">contabilidade@joseneves.pt<\/a>[\/vc_column_text][vc_empty_space height=&#8221;30px&#8221;][vc_column_text]<strong>IT<\/strong><br \/>\nP. +351 253 479 183<br \/>\nE-mail: <a href=\"mailto:iton@joseneves.pt\">iton@joseneves.pt<\/a>[\/vc_column_text][vc_empty_space height=&#8221;30px&#8221;][vc_column_text]<strong>Marketing and Communications<\/strong><br \/>\nE-mail: <a href=\"mailto:marketing@joseneves.pt\">marketing@joseneves.pt<\/a>[\/vc_column_text][vc_empty_space height=&#8221;30px&#8221;][vc_column_text]<strong>Quality<\/strong><br \/>\nM. +351 939 028 058 \/ 915 233 778<br \/>\nE-mail: <a href=\"mailto:qualidade@joseneves.pt\">qualidade@joseneves.pt<\/a>[\/vc_column_text][vc_empty_space height=&#8221;30px&#8221;][\/vc_column_inner][vc_column_inner width=&#8221;1\/2&#8243;][vc_column_text]<strong>Job Offers (sending applications)<\/strong><br \/>\nE-mail: <a href=\"mailto:recrutamento@joseneves.pt\">recrutamento@joseneves.pt<\/a>[\/vc_column_text][vc_empty_space height=&#8221;30px&#8221;][vc_column_text]<strong>Logistics<\/strong><br \/>\nGuimar\u00e3es: +351 253 479 053<br \/>\nVila Nova da Barquinha: +351 912 925 566<br \/>\nE-mail: <a href=\"mailto:dep.logistica@joseneves.pt\">dep.logistica@joseneves.pt<\/a>[\/vc_column_text][vc_empty_space height=&#8221;30px&#8221;][vc_column_text]<strong>Purchasing (become our supplier)<\/strong><br \/>\nM. +351 910 998 406<br \/>\nE-mail: <a href=\"mailto:dep.compras@joseneves.pt\">dep.compras@joseneves.pt<\/a>[\/vc_column_text][vc_empty_space height=&#8221;30px&#8221;][\/vc_column_inner][\/vc_row_inner][\/vc_column][\/vc_row]<\/p>\n","protected":false},"excerpt":{"rendered":"<p>[vc_row][vc_column][vc_row_inner][vc_column_inner width=&#8221;1\/2&#8243;][vc_column_text]If you are already our customer and need help with a specific issue, click here:[\/vc_column_text][vc_btn title=&#8221;CUSTOMER SUPPORT&#8221; shape=&#8221;square&#8221; color=&#8221;primary&#8221;<span class=\"excerpt-hellip\"> [\u2026]<\/span><\/p>\n","protected":false},"author":7,"featured_media":0,"parent":8983,"menu_order":0,"comment_status":"closed","ping_status":"closed","template":"","meta":[],"categories":[],"tags":[],"yoast_head":"<!-- This site is optimized with the Yoast SEO plugin v16.9 - https:\/\/yoast.com\/wordpress\/plugins\/seo\/ -->\n<title>Other Contacts - Jos\u00e9 Neves Embalagens<\/title>\n<meta name=\"robots\" content=\"index, follow, max-snippet:-1, max-image-preview:large, max-video-preview:-1\" \/>\n<link rel=\"canonical\" href=\"https:\/\/www.joseneves.pt\/en\/customer-support-2\/contacts\/\" \/>\n<meta property=\"og:locale\" content=\"en_US\" \/>\n<meta property=\"og:type\" content=\"article\" \/>\n<meta property=\"og:title\" content=\"Other Contacts - Jos\u00e9 Neves Embalagens\" \/>\n<meta property=\"og:description\" content=\"[vc_row][vc_column][vc_row_inner][vc_column_inner width=&#8221;1\/2&#8243;][vc_column_text]If you are already our customer and need help with a specific issue, click here:[\/vc_column_text][vc_btn title=&#8221;CUSTOMER SUPPORT&#8221; shape=&#8221;square&#8221; color=&#8221;primary&#8221; [\u2026]\" \/>\n<meta property=\"og:url\" content=\"https:\/\/www.joseneves.pt\/en\/customer-support-2\/contacts\/\" \/>\n<meta property=\"og:site_name\" content=\"Jos\u00e9 Neves Embalagens\" \/>\n<meta property=\"article:modified_time\" content=\"2026-02-16T16:12:36+00:00\" \/>\n<meta name=\"twitter:card\" content=\"summary\" \/>\n<meta name=\"twitter:label1\" content=\"Est. reading time\" \/>\n\t<meta name=\"twitter:data1\" content=\"1 minute\" \/>\n<script type=\"application\/ld+json\" class=\"yoast-schema-graph\">{\"@context\":\"https:\/\/schema.org\",\"@graph\":[{\"@type\":\"Organization\",\"@id\":\"https:\/\/www.joseneves.pt\/#organization\",\"name\":\"Jos\\u00e9 Neves\",\"url\":\"https:\/\/www.joseneves.pt\/\",\"sameAs\":[],\"logo\":{\"@type\":\"ImageObject\",\"@id\":\"https:\/\/www.joseneves.pt\/#logo\",\"inLanguage\":\"en-US\",\"url\":\"https:\/\/www.joseneves.pt\/wp-content\/uploads\/2017\/04\/logotipo-34-1.png\",\"contentUrl\":\"https:\/\/www.joseneves.pt\/wp-content\/uploads\/2017\/04\/logotipo-34-1.png\",\"width\":192,\"height\":50,\"caption\":\"Jos\\u00e9 Neves\"},\"image\":{\"@id\":\"https:\/\/www.joseneves.pt\/#logo\"}},{\"@type\":\"WebSite\",\"@id\":\"https:\/\/www.joseneves.pt\/#website\",\"url\":\"https:\/\/www.joseneves.pt\/\",\"name\":\"Jos\\u00e9 Neves Embalagens\",\"description\":\"Embalagens, embalagem por medida, embalagens ecol\\u00f3gicas, caixas, cantoneiras, papel diverso, fitas adesivas, pl\\u00e1sticos, m\\u00e1quinas e equipamentos para embalagem.\",\"publisher\":{\"@id\":\"https:\/\/www.joseneves.pt\/#organization\"},\"potentialAction\":[{\"@type\":\"SearchAction\",\"target\":{\"@type\":\"EntryPoint\",\"urlTemplate\":\"https:\/\/www.joseneves.pt\/?s={search_term_string}\"},\"query-input\":\"required name=search_term_string\"}],\"inLanguage\":\"en-US\"},{\"@type\":\"WebPage\",\"@id\":\"https:\/\/www.joseneves.pt\/en\/customer-support-2\/contacts\/#webpage\",\"url\":\"https:\/\/www.joseneves.pt\/en\/customer-support-2\/contacts\/\",\"name\":\"Other Contacts - Jos\\u00e9 Neves Embalagens\",\"isPartOf\":{\"@id\":\"https:\/\/www.joseneves.pt\/#website\"},\"datePublished\":\"2024-10-18T17:51:52+00:00\",\"dateModified\":\"2026-02-16T16:12:36+00:00\",\"breadcrumb\":{\"@id\":\"https:\/\/www.joseneves.pt\/en\/customer-support-2\/contacts\/#breadcrumb\"},\"inLanguage\":\"en-US\",\"potentialAction\":[{\"@type\":\"ReadAction\",\"target\":[\"https:\/\/www.joseneves.pt\/en\/customer-support-2\/contacts\/\"]}]},{\"@type\":\"BreadcrumbList\",\"@id\":\"https:\/\/www.joseneves.pt\/en\/customer-support-2\/contacts\/#breadcrumb\",\"itemListElement\":[{\"@type\":\"ListItem\",\"position\":1,\"name\":\"In\\u00edcio\",\"item\":\"https:\/\/www.joseneves.pt\/en\/\"},{\"@type\":\"ListItem\",\"position\":2,\"name\":\"Customer Support\",\"item\":\"https:\/\/www.joseneves.pt\/en\/customer-support-2\/\"},{\"@type\":\"ListItem\",\"position\":3,\"name\":\"Other Contacts\"}]}]}<\/script>\n<!-- \/ Yoast SEO plugin. -->","yoast_head_json":{"title":"Other Contacts - Jos\u00e9 Neves Embalagens","robots":{"index":"index","follow":"follow","max-snippet":"max-snippet:-1","max-image-preview":"max-image-preview:large","max-video-preview":"max-video-preview:-1"},"canonical":"https:\/\/www.joseneves.pt\/en\/customer-support-2\/contacts\/","og_locale":"en_US","og_type":"article","og_title":"Other Contacts - Jos\u00e9 Neves Embalagens","og_description":"[vc_row][vc_column][vc_row_inner][vc_column_inner width=&#8221;1\/2&#8243;][vc_column_text]If you are already our customer and need help with a specific issue, click here:[\/vc_column_text][vc_btn title=&#8221;CUSTOMER SUPPORT&#8221; shape=&#8221;square&#8221; color=&#8221;primary&#8221; [\u2026]","og_url":"https:\/\/www.joseneves.pt\/en\/customer-support-2\/contacts\/","og_site_name":"Jos\u00e9 Neves Embalagens","article_modified_time":"2026-02-16T16:12:36+00:00","twitter_card":"summary","twitter_misc":{"Est. reading time":"1 minute"},"schema":{"@context":"https:\/\/schema.org","@graph":[{"@type":"Organization","@id":"https:\/\/www.joseneves.pt\/#organization","name":"Jos\u00e9 Neves","url":"https:\/\/www.joseneves.pt\/","sameAs":[],"logo":{"@type":"ImageObject","@id":"https:\/\/www.joseneves.pt\/#logo","inLanguage":"en-US","url":"https:\/\/www.joseneves.pt\/wp-content\/uploads\/2017\/04\/logotipo-34-1.png","contentUrl":"https:\/\/www.joseneves.pt\/wp-content\/uploads\/2017\/04\/logotipo-34-1.png","width":192,"height":50,"caption":"Jos\u00e9 Neves"},"image":{"@id":"https:\/\/www.joseneves.pt\/#logo"}},{"@type":"WebSite","@id":"https:\/\/www.joseneves.pt\/#website","url":"https:\/\/www.joseneves.pt\/","name":"Jos\u00e9 Neves Embalagens","description":"Embalagens, embalagem por medida, embalagens ecol\u00f3gicas, caixas, cantoneiras, papel diverso, fitas adesivas, pl\u00e1sticos, m\u00e1quinas e equipamentos para embalagem.","publisher":{"@id":"https:\/\/www.joseneves.pt\/#organization"},"potentialAction":[{"@type":"SearchAction","target":{"@type":"EntryPoint","urlTemplate":"https:\/\/www.joseneves.pt\/?s={search_term_string}"},"query-input":"required name=search_term_string"}],"inLanguage":"en-US"},{"@type":"WebPage","@id":"https:\/\/www.joseneves.pt\/en\/customer-support-2\/contacts\/#webpage","url":"https:\/\/www.joseneves.pt\/en\/customer-support-2\/contacts\/","name":"Other Contacts - Jos\u00e9 Neves Embalagens","isPartOf":{"@id":"https:\/\/www.joseneves.pt\/#website"},"datePublished":"2024-10-18T17:51:52+00:00","dateModified":"2026-02-16T16:12:36+00:00","breadcrumb":{"@id":"https:\/\/www.joseneves.pt\/en\/customer-support-2\/contacts\/#breadcrumb"},"inLanguage":"en-US","potentialAction":[{"@type":"ReadAction","target":["https:\/\/www.joseneves.pt\/en\/customer-support-2\/contacts\/"]}]},{"@type":"BreadcrumbList","@id":"https:\/\/www.joseneves.pt\/en\/customer-support-2\/contacts\/#breadcrumb","itemListElement":[{"@type":"ListItem","position":1,"name":"In\u00edcio","item":"https:\/\/www.joseneves.pt\/en\/"},{"@type":"ListItem","position":2,"name":"Customer Support","item":"https:\/\/www.joseneves.pt\/en\/customer-support-2\/"},{"@type":"ListItem","position":3,"name":"Other Contacts"}]}]}},"_links":{"self":[{"href":"https:\/\/www.joseneves.pt\/en\/wp-json\/wp\/v2\/pages\/8741"}],"collection":[{"href":"https:\/\/www.joseneves.pt\/en\/wp-json\/wp\/v2\/pages"}],"about":[{"href":"https:\/\/www.joseneves.pt\/en\/wp-json\/wp\/v2\/types\/page"}],"author":[{"embeddable":true,"href":"https:\/\/www.joseneves.pt\/en\/wp-json\/wp\/v2\/users\/7"}],"replies":[{"embeddable":true,"href":"https:\/\/www.joseneves.pt\/en\/wp-json\/wp\/v2\/comments?post=8741"}],"version-history":[{"count":13,"href":"https:\/\/www.joseneves.pt\/en\/wp-json\/wp\/v2\/pages\/8741\/revisions"}],"predecessor-version":[{"id":9090,"href":"https:\/\/www.joseneves.pt\/en\/wp-json\/wp\/v2\/pages\/8741\/revisions\/9090"}],"up":[{"embeddable":true,"href":"https:\/\/www.joseneves.pt\/en\/wp-json\/wp\/v2\/pages\/8983"}],"wp:attachment":[{"href":"https:\/\/www.joseneves.pt\/en\/wp-json\/wp\/v2\/media?parent=8741"}],"wp:term":[{"taxonomy":"category","embeddable":true,"href":"https:\/\/www.joseneves.pt\/en\/wp-json\/wp\/v2\/categories?post=8741"},{"taxonomy":"post_tag","embeddable":true,"href":"https:\/\/www.joseneves.pt\/en\/wp-json\/wp\/v2\/tags?post=8741"}],"curies":[{"name":"wp","href":"https:\/\/api.w.org\/{rel}","templated":true}]}}